{"id":8552,"date":"2024-05-30T15:41:29","date_gmt":"2024-05-30T13:41:29","guid":{"rendered":"https:\/\/www.seehaus-leifer.at\/?page_id=8552"},"modified":"2024-05-30T15:42:00","modified_gmt":"2024-05-30T13:42:00","slug":"spielwiese","status":"publish","type":"page","link":"https:\/\/www.seehaus-leifer.at\/en\/spielwiese\/","title":{"rendered":"Spielwiese"},"content":{"rendered":"<div data-elementor-type=\"wp-page\" data-elementor-id=\"8552\" class=\"elementor elementor-8552\">\n\t\t\t\t\t\t<section class=\"elementor-section elementor-top-section elementor-element elementor-element-fb04ba3 elementor-section-boxed elementor-section-height-default elementor-section-height-default\" data-id=\"fb04ba3\" data-element_type=\"section\" data-e-type=\"section\">\n\t\t\t\t\t\t<div class=\"elementor-container elementor-column-gap-default\">\n\t\t\t\t\t\t<\/div>\n\t\t<\/section>\n\t\t\t\t<section class=\"elementor-section elementor-top-section elementor-element elementor-element-5f70e03 #additionalContent elementor-section-boxed elementor-section-height-default elementor-section-height-default\" data-id=\"5f70e03\" data-element_type=\"section\" data-e-type=\"section\" id=\"#additionalContent\">\n\t\t\t\t\t\t<div class=\"elementor-container elementor-column-gap-default\">\n\t\t\t\t\t<div class=\"elementor-column elementor-col-100 elementor-top-column elementor-element elementor-element-3fa3da8\" data-id=\"3fa3da8\" data-element_type=\"column\" data-e-type=\"column\">\n\t\t\t<div class=\"elementor-widget-wrap\">\n\t\t\t\t\t\t\t<\/div>\n\t\t<\/div>\n\t\t\t\t\t<\/div>\n\t\t<\/section>\n\t\t\t\t<section class=\"elementor-section elementor-top-section elementor-element elementor-element-16c63d1 elementor-section-boxed elementor-section-height-default elementor-section-height-default\" data-id=\"16c63d1\" data-element_type=\"section\" data-e-type=\"section\">\n\t\t\t\t\t\t<div class=\"elementor-container elementor-column-gap-no\">\n\t\t\t\t\t<div class=\"elementor-column elementor-col-100 elementor-top-column elementor-element elementor-element-c26ea76\" data-id=\"c26ea76\" data-element_type=\"column\" data-e-type=\"column\">\n\t\t\t<div class=\"elementor-widget-wrap elementor-element-populated\">\n\t\t\t\t\t\t<section class=\"elementor-section elementor-inner-section elementor-element elementor-element-6a4ff92 elementor-section-boxed elementor-section-height-default elementor-section-height-default\" data-id=\"6a4ff92\" data-element_type=\"section\" data-e-type=\"section\">\n\t\t\t\t\t\t<div class=\"elementor-container elementor-column-gap-no\">\n\t\t\t\t\t<div class=\"elementor-column elementor-col-100 elementor-inner-column elementor-element elementor-element-d7a66c8\" data-id=\"d7a66c8\" data-element_type=\"column\" data-e-type=\"column\" data-settings=\"{&quot;background_background&quot;:&quot;classic&quot;}\">\n\t\t\t<div class=\"elementor-widget-wrap elementor-element-populated\">\n\t\t\t\t\t\t<div class=\"elementor-element elementor-element-0a29c11 elementor-widget elementor-widget-heading\" data-id=\"0a29c11\" data-element_type=\"widget\" data-e-type=\"widget\" data-widget_type=\"heading.default\">\n\t\t\t\t<div class=\"elementor-widget-container\">\n\t\t\t\t\t<h1 class=\"elementor-heading-title elementor-size-default\">Book directly and benefit<\/h1>\t\t\t\t<\/div>\n\t\t\t\t<\/div>\n\t\t\t\t<div class=\"elementor-element elementor-element-fbeebae elementor-widget__width-initial elementor-widget-mobile__width-inherit elementor-view-default elementor-position-block-start elementor-mobile-position-block-start elementor-widget elementor-widget-icon-box\" data-id=\"fbeebae\" data-element_type=\"widget\" data-e-type=\"widget\" data-widget_type=\"icon-box.default\">\n\t\t\t\t<div class=\"elementor-widget-container\">\n\t\t\t\t\t\t\t<div class=\"elementor-icon-box-wrapper\">\n\n\t\t\t\t\t\t<div class=\"elementor-icon-box-icon\">\n\t\t\t\t<span  class=\"elementor-icon\">\n\t\t\t\t<i aria-hidden=\"true\" class=\"fas fa-clock\"><\/i>\t\t\t\t<\/span>\n\t\t\t<\/div>\n\t\t\t\n\t\t\t\t\t\t<div class=\"elementor-icon-box-content\">\n\n\t\t\t\t\t\t\t\t\t<h3 class=\"elementor-icon-box-title\">\n\t\t\t\t\t\t<span  >\n\t\t\t\t\t\t\tMore flexibility\t\t\t\t\t\t<\/span>\n\t\t\t\t\t<\/h3>\n\t\t\t\t\n\t\t\t\t\t\t\t\t\t<p class=\"elementor-icon-box-description\">\n\t\t\t\t\t\tBenefit from our more flexible cancellation policy.\t\t\t\t\t<\/p>\n\t\t\t\t\n\t\t\t<\/div>\n\t\t\t\n\t\t<\/div>\n\t\t\t\t\t\t<\/div>\n\t\t\t\t<\/div>\n\t\t\t\t<div class=\"elementor-element elementor-element-5ec1806 elementor-widget__width-initial elementor-widget-mobile__width-inherit elementor-view-default elementor-position-block-start elementor-mobile-position-block-start elementor-widget elementor-widget-icon-box\" data-id=\"5ec1806\" data-element_type=\"widget\" data-e-type=\"widget\" data-widget_type=\"icon-box.default\">\n\t\t\t\t<div class=\"elementor-widget-container\">\n\t\t\t\t\t\t\t<div class=\"elementor-icon-box-wrapper\">\n\n\t\t\t\t\t\t<div class=\"elementor-icon-box-icon\">\n\t\t\t\t<span  class=\"elementor-icon\">\n\t\t\t\t<i aria-hidden=\"true\" class=\"fas fa-check-circle\"><\/i>\t\t\t\t<\/span>\n\t\t\t<\/div>\n\t\t\t\n\t\t\t\t\t\t<div class=\"elementor-icon-box-content\">\n\n\t\t\t\t\t\t\t\t\t<h3 class=\"elementor-icon-box-title\">\n\t\t\t\t\t\t<span  >\n\t\t\t\t\t\t\tCost transparency\t\t\t\t\t\t<\/span>\n\t\t\t\t\t<\/h3>\n\t\t\t\t\n\t\t\t\t\t\t\t\t\t<p class=\"elementor-icon-box-description\">\n\t\t\t\t\t\tThe prices listed are guaranteed final prices - no hidden costs.\t\t\t\t\t<\/p>\n\t\t\t\t\n\t\t\t<\/div>\n\t\t\t\n\t\t<\/div>\n\t\t\t\t\t\t<\/div>\n\t\t\t\t<\/div>\n\t\t\t\t<div class=\"elementor-element elementor-element-2de97e4 elementor-widget__width-initial elementor-widget-mobile__width-inherit elementor-view-default elementor-position-block-start elementor-mobile-position-block-start elementor-widget elementor-widget-icon-box\" data-id=\"2de97e4\" data-element_type=\"widget\" data-e-type=\"widget\" data-widget_type=\"icon-box.default\">\n\t\t\t\t<div class=\"elementor-widget-container\">\n\t\t\t\t\t\t\t<div class=\"elementor-icon-box-wrapper\">\n\n\t\t\t\t\t\t<div class=\"elementor-icon-box-icon\">\n\t\t\t\t<span  class=\"elementor-icon\">\n\t\t\t\t<i aria-hidden=\"true\" class=\"fas fa-plus-circle\"><\/i>\t\t\t\t<\/span>\n\t\t\t<\/div>\n\t\t\t\n\t\t\t\t\t\t<div class=\"elementor-icon-box-content\">\n\n\t\t\t\t\t\t\t\t\t<h3 class=\"elementor-icon-box-title\">\n\t\t\t\t\t\t<span  >\n\t\t\t\t\t\t\tFree Salzkammergut Card\t\t\t\t\t\t<\/span>\n\t\t\t\t\t<\/h3>\n\t\t\t\t\n\t\t\t\t\t\t\t\t\t<p class=\"elementor-icon-box-description\">\n\t\t\t\t\t\tfor the entire stay at Seehaus when booking directly via the homepage.\t\t\t\t\t<\/p>\n\t\t\t\t\n\t\t\t<\/div>\n\t\t\t\n\t\t<\/div>\n\t\t\t\t\t\t<\/div>\n\t\t\t\t<\/div>\n\t\t\t\t\t<\/div>\n\t\t<\/div>\n\t\t\t\t\t<\/div>\n\t\t<\/section>\n\t\t\t\t\t<\/div>\n\t\t<\/div>\n\t\t\t\t\t<\/div>\n\t\t<\/section>\n\t\t\t\t<\/div>","protected":false},"excerpt":{"rendered":"<p>Direkt buchen und profitieren Mehr Flexibilit\u00e4t Profitieren Sie von unseren flexibleren Stornierungsbedingungen. Kostentransparenz Die angef\u00fchrten Preise sind garantierte Endpreise &#8211; keine versteckten Kosten. Gratis Salzkammergut-Card f\u00fcr den gesamten Aufenthalt im Seehaus bei Direktbuchung \u00fcber die Homepage.<\/p>","protected":false},"author":1,"featured_media":0,"parent":0,"menu_order":0,"comment_status":"closed","ping_status":"closed","template":"","meta":{"ocean_post_layout":"full-screen","ocean_both_sidebars_style":"","ocean_both_sidebars_content_width":0,"ocean_both_sidebars_sidebars_width":0,"ocean_sidebar":"0","ocean_second_sidebar":"0","ocean_disable_margins":"on","ocean_add_body_class":"","ocean_shortcode_before_top_bar":"","ocean_shortcode_after_top_bar":"","ocean_shortcode_before_header":"","ocean_shortcode_after_header":"","ocean_has_shortcode":"","ocean_shortcode_after_title":"","ocean_shortcode_before_footer_widgets":"","ocean_shortcode_after_footer_widgets":"","ocean_shortcode_before_footer_bottom":"","ocean_shortcode_after_footer_bottom":"","ocean_display_top_bar":"off","ocean_display_header":"off","ocean_header_style":"minimal","ocean_center_header_left_menu":"0","ocean_custom_header_template":"0","ocean_custom_logo":0,"ocean_custom_retina_logo":0,"ocean_custom_logo_max_width":0,"ocean_custom_logo_tablet_max_width":0,"ocean_custom_logo_mobile_max_width":0,"ocean_custom_logo_max_height":0,"ocean_custom_logo_tablet_max_height":0,"ocean_custom_logo_mobile_max_height":0,"ocean_header_custom_menu":"3","ocean_menu_typo_font_family":"0","ocean_menu_typo_font_subset":"","ocean_menu_typo_font_size":0,"ocean_menu_typo_font_size_tablet":0,"ocean_menu_typo_font_size_mobile":0,"ocean_menu_typo_font_size_unit":"px","ocean_menu_typo_font_weight":"","ocean_menu_typo_font_weight_tablet":"","ocean_menu_typo_font_weight_mobile":"","ocean_menu_typo_transform":"","ocean_menu_typo_transform_tablet":"","ocean_menu_typo_transform_mobile":"","ocean_menu_typo_line_height":0,"ocean_menu_typo_line_height_tablet":0,"ocean_menu_typo_line_height_mobile":0,"ocean_menu_typo_line_height_unit":"","ocean_menu_typo_spacing":0,"ocean_menu_typo_spacing_tablet":0,"ocean_menu_typo_spacing_mobile":0,"ocean_menu_typo_spacing_unit":"","ocean_menu_link_color":"","ocean_menu_link_color_hover":"","ocean_menu_link_color_active":"","ocean_menu_link_background":"","ocean_menu_link_hover_background":"","ocean_menu_link_active_background":"","ocean_menu_social_links_bg":"","ocean_menu_social_hover_links_bg":"","ocean_menu_social_links_color":"","ocean_menu_social_hover_links_color":"","ocean_disable_title":"on","ocean_disable_heading":"default","ocean_post_title":"","ocean_post_subheading":"","ocean_post_title_style":"","ocean_post_title_background_color":"","ocean_post_title_background":0,"ocean_post_title_bg_image_position":"","ocean_post_title_bg_image_attachment":"","ocean_post_title_bg_image_repeat":"","ocean_post_title_bg_image_size":"","ocean_post_title_height":0,"ocean_post_title_bg_overlay":0.5,"ocean_post_title_bg_overlay_color":"","ocean_disable_breadcrumbs":"default","ocean_breadcrumbs_color":"","ocean_breadcrumbs_separator_color":"","ocean_breadcrumbs_links_color":"","ocean_breadcrumbs_links_hover_color":"","ocean_display_footer_widgets":"off","ocean_display_footer_bottom":"off","ocean_custom_footer_template":"0","_joinchat":[],"footnotes":""},"class_list":["post-8552","page","type-page","status-publish","hentry","entry"],"yoast_head":"<!-- This site is optimized with the Yoast SEO plugin v27.5 - https:\/\/yoast.com\/product\/yoast-seo-wordpress\/ -->\n<title>Spielwiese &#8211; Seehaus Familie Leifer<\/title>\n<meta name=\"description\" content=\"Direkt buchen und profitieren - mehr Flexibilit\u00e4t | Kostentransparenz | Gratis Salzkammergut-Card bei Buchung \u00fcber seehaus-leifer.at\" \/>\n<meta name=\"robots\" content=\"index, follow, max-snippet:-1, max-image-preview:large, max-video-preview:-1\" \/>\n<link rel=\"canonical\" href=\"https:\/\/www.seehaus-leifer.at\/en\/spielwiese\/\" \/>\n<meta property=\"og:locale\" content=\"en_GB\" \/>\n<meta property=\"og:type\" content=\"article\" \/>\n<meta property=\"og:title\" content=\"Spielwiese &#8211; Seehaus Familie Leifer\" \/>\n<meta property=\"og:description\" content=\"Direkt buchen und profitieren - mehr Flexibilit\u00e4t | Kostentransparenz | Gratis Salzkammergut-Card bei Buchung \u00fcber seehaus-leifer.at\" \/>\n<meta property=\"og:url\" content=\"https:\/\/www.seehaus-leifer.at\/en\/spielwiese\/\" \/>\n<meta property=\"og:site_name\" content=\"Seehaus Familie Leifer\" \/>\n<meta property=\"article:publisher\" content=\"https:\/\/www.facebook.com\/SeehausLeifer\/\" \/>\n<meta property=\"article:modified_time\" content=\"2024-05-30T13:42:00+00:00\" \/>\n<meta name=\"twitter:card\" content=\"summary_large_image\" \/>\n<meta name=\"twitter:label1\" content=\"Estimated reading time\" \/>\n\t<meta name=\"twitter:data1\" content=\"3 minutes\" \/>\n<script type=\"application\/ld+json\" class=\"yoast-schema-graph\">{\"@context\":\"https:\\\/\\\/schema.org\",\"@graph\":[{\"@type\":[\"WebPage\",\"CheckoutPage\"],\"@id\":\"https:\\\/\\\/www.seehaus-leifer.at\\\/spielwiese\\\/\",\"url\":\"https:\\\/\\\/www.seehaus-leifer.at\\\/spielwiese\\\/\",\"name\":\"Spielwiese &#8211; Seehaus Familie Leifer\",\"isPartOf\":{\"@id\":\"https:\\\/\\\/www.seehaus-leifer.at\\\/#website\"},\"datePublished\":\"2024-05-30T13:41:29+00:00\",\"dateModified\":\"2024-05-30T13:42:00+00:00\",\"description\":\"Direkt buchen und profitieren - mehr Flexibilit\u00e4t | Kostentransparenz | Gratis Salzkammergut-Card bei Buchung \u00fcber seehaus-leifer.at\",\"breadcrumb\":{\"@id\":\"https:\\\/\\\/www.seehaus-leifer.at\\\/spielwiese\\\/#breadcrumb\"},\"inLanguage\":\"en-GB\",\"potentialAction\":[{\"@type\":\"ReadAction\",\"target\":[\"https:\\\/\\\/www.seehaus-leifer.at\\\/spielwiese\\\/\"]}]},{\"@type\":\"BreadcrumbList\",\"@id\":\"https:\\\/\\\/www.seehaus-leifer.at\\\/spielwiese\\\/#breadcrumb\",\"itemListElement\":[{\"@type\":\"ListItem\",\"position\":1,\"name\":\"Startseite\",\"item\":\"https:\\\/\\\/www.seehaus-leifer.at\\\/\"},{\"@type\":\"ListItem\",\"position\":2,\"name\":\"Spielwiese\"}]},{\"@type\":\"WebSite\",\"@id\":\"https:\\\/\\\/www.seehaus-leifer.at\\\/#website\",\"url\":\"https:\\\/\\\/www.seehaus-leifer.at\\\/\",\"name\":\"Seehaus Familie Leifer\",\"description\":\"so nah am See\",\"publisher\":{\"@id\":\"https:\\\/\\\/www.seehaus-leifer.at\\\/#organization\"},\"potentialAction\":[{\"@type\":\"SearchAction\",\"target\":{\"@type\":\"EntryPoint\",\"urlTemplate\":\"https:\\\/\\\/www.seehaus-leifer.at\\\/?s={search_term_string}\"},\"query-input\":{\"@type\":\"PropertyValueSpecification\",\"valueRequired\":true,\"valueName\":\"search_term_string\"}}],\"inLanguage\":\"en-GB\"},{\"@type\":\"Organization\",\"@id\":\"https:\\\/\\\/www.seehaus-leifer.at\\\/#organization\",\"name\":\"Seehaus Familie Leifer\",\"url\":\"https:\\\/\\\/www.seehaus-leifer.at\\\/\",\"logo\":{\"@type\":\"ImageObject\",\"inLanguage\":\"en-GB\",\"@id\":\"https:\\\/\\\/www.seehaus-leifer.at\\\/#\\\/schema\\\/logo\\\/image\\\/\",\"url\":\"https:\\\/\\\/www.seehaus-leifer.at\\\/wp-content\\\/uploads\\\/2021\\\/04\\\/fav_512-512.png\",\"contentUrl\":\"https:\\\/\\\/www.seehaus-leifer.at\\\/wp-content\\\/uploads\\\/2021\\\/04\\\/fav_512-512.png\",\"width\":512,\"height\":512,\"caption\":\"Seehaus Familie Leifer\"},\"image\":{\"@id\":\"https:\\\/\\\/www.seehaus-leifer.at\\\/#\\\/schema\\\/logo\\\/image\\\/\"},\"sameAs\":[\"https:\\\/\\\/www.facebook.com\\\/SeehausLeifer\\\/\",\"https:\\\/\\\/www.instagram.com\\\/magdilei\"]}]}<\/script>\n<!-- \/ Yoast SEO plugin. -->","yoast_head_json":{"title":"Spielwiese &#8211; Seehaus Familie Leifer","description":"Direkt buchen und profitieren - mehr Flexibilit\u00e4t | Kostentransparenz | Gratis Salzkammergut-Card bei Buchung \u00fcber seehaus-leifer.at","robots":{"index":"index","follow":"follow","max-snippet":"max-snippet:-1","max-image-preview":"max-image-preview:large","max-video-preview":"max-video-preview:-1"},"canonical":"https:\/\/www.seehaus-leifer.at\/en\/spielwiese\/","og_locale":"en_GB","og_type":"article","og_title":"Spielwiese &#8211; Seehaus Familie Leifer","og_description":"Direkt buchen und profitieren - mehr Flexibilit\u00e4t | Kostentransparenz | Gratis Salzkammergut-Card bei Buchung \u00fcber seehaus-leifer.at","og_url":"https:\/\/www.seehaus-leifer.at\/en\/spielwiese\/","og_site_name":"Seehaus Familie Leifer","article_publisher":"https:\/\/www.facebook.com\/SeehausLeifer\/","article_modified_time":"2024-05-30T13:42:00+00:00","twitter_card":"summary_large_image","twitter_misc":{"Estimated reading time":"3 minutes"},"schema":{"@context":"https:\/\/schema.org","@graph":[{"@type":["WebPage","CheckoutPage"],"@id":"https:\/\/www.seehaus-leifer.at\/spielwiese\/","url":"https:\/\/www.seehaus-leifer.at\/spielwiese\/","name":"Spielwiese &#8211; Seehaus Familie Leifer","isPartOf":{"@id":"https:\/\/www.seehaus-leifer.at\/#website"},"datePublished":"2024-05-30T13:41:29+00:00","dateModified":"2024-05-30T13:42:00+00:00","description":"Direkt buchen und profitieren - mehr Flexibilit\u00e4t | Kostentransparenz | Gratis Salzkammergut-Card bei Buchung \u00fcber seehaus-leifer.at","breadcrumb":{"@id":"https:\/\/www.seehaus-leifer.at\/spielwiese\/#breadcrumb"},"inLanguage":"en-GB","potentialAction":[{"@type":"ReadAction","target":["https:\/\/www.seehaus-leifer.at\/spielwiese\/"]}]},{"@type":"BreadcrumbList","@id":"https:\/\/www.seehaus-leifer.at\/spielwiese\/#breadcrumb","itemListElement":[{"@type":"ListItem","position":1,"name":"Startseite","item":"https:\/\/www.seehaus-leifer.at\/"},{"@type":"ListItem","position":2,"name":"Spielwiese"}]},{"@type":"WebSite","@id":"https:\/\/www.seehaus-leifer.at\/#website","url":"https:\/\/www.seehaus-leifer.at\/","name":"Seehaus Leifer family","description":"so nah am See","publisher":{"@id":"https:\/\/www.seehaus-leifer.at\/#organization"},"potentialAction":[{"@type":"SearchAction","target":{"@type":"EntryPoint","urlTemplate":"https:\/\/www.seehaus-leifer.at\/?s={search_term_string}"},"query-input":{"@type":"PropertyValueSpecification","valueRequired":true,"valueName":"search_term_string"}}],"inLanguage":"en-GB"},{"@type":"Organization","@id":"https:\/\/www.seehaus-leifer.at\/#organization","name":"Seehaus Leifer family","url":"https:\/\/www.seehaus-leifer.at\/","logo":{"@type":"ImageObject","inLanguage":"en-GB","@id":"https:\/\/www.seehaus-leifer.at\/#\/schema\/logo\/image\/","url":"https:\/\/www.seehaus-leifer.at\/wp-content\/uploads\/2021\/04\/fav_512-512.png","contentUrl":"https:\/\/www.seehaus-leifer.at\/wp-content\/uploads\/2021\/04\/fav_512-512.png","width":512,"height":512,"caption":"Seehaus Familie Leifer"},"image":{"@id":"https:\/\/www.seehaus-leifer.at\/#\/schema\/logo\/image\/"},"sameAs":["https:\/\/www.facebook.com\/SeehausLeifer\/","https:\/\/www.instagram.com\/magdilei"]}]}},"_links":{"self":[{"href":"https:\/\/www.seehaus-leifer.at\/en\/wp-json\/wp\/v2\/pages\/8552","targetHints":{"allow":["GET"]}}],"collection":[{"href":"https:\/\/www.seehaus-leifer.at\/en\/wp-json\/wp\/v2\/pages"}],"about":[{"href":"https:\/\/www.seehaus-leifer.at\/en\/wp-json\/wp\/v2\/types\/page"}],"author":[{"embeddable":true,"href":"https:\/\/www.seehaus-leifer.at\/en\/wp-json\/wp\/v2\/users\/1"}],"replies":[{"embeddable":true,"href":"https:\/\/www.seehaus-leifer.at\/en\/wp-json\/wp\/v2\/comments?post=8552"}],"version-history":[{"count":4,"href":"https:\/\/www.seehaus-leifer.at\/en\/wp-json\/wp\/v2\/pages\/8552\/revisions"}],"predecessor-version":[{"id":8556,"href":"https:\/\/www.seehaus-leifer.at\/en\/wp-json\/wp\/v2\/pages\/8552\/revisions\/8556"}],"wp:attachment":[{"href":"https:\/\/www.seehaus-leifer.at\/en\/wp-json\/wp\/v2\/media?parent=8552"}],"curies":[{"name":"wp","href":"https:\/\/api.w.org\/{rel}","templated":true}]}}