{"id":721,"date":"2021-02-21T15:16:22","date_gmt":"2021-02-21T14:16:22","guid":{"rendered":"https:\/\/www.seehaus-leifer.at\/?page_id=721"},"modified":"2021-04-30T10:04:49","modified_gmt":"2021-04-30T08:04:49","slug":"badeplatz","status":"publish","type":"page","link":"https:\/\/www.seehaus-leifer.at\/en\/badeplatz\/","title":{"rendered":"by the lake"},"content":{"rendered":"<div data-elementor-type=\"wp-page\" data-elementor-id=\"721\" class=\"elementor elementor-721\">\n\t\t\t\t\t\t<section class=\"elementor-section elementor-top-section elementor-element elementor-element-329222c elementor-section-boxed elementor-section-height-default elementor-section-height-default\" data-id=\"329222c\" data-element_type=\"section\" data-e-type=\"section\">\n\t\t\t\t\t\t<div class=\"elementor-container elementor-column-gap-no\">\n\t\t\t\t\t<div class=\"elementor-column elementor-col-50 elementor-top-column elementor-element elementor-element-a815d27\" data-id=\"a815d27\" data-element_type=\"column\" data-e-type=\"column\">\n\t\t\t<div class=\"elementor-widget-wrap elementor-element-populated\">\n\t\t\t\t\t\t<div class=\"elementor-element elementor-element-5da7fb8 elementor-widget elementor-widget-heading\" data-id=\"5da7fb8\" data-element_type=\"widget\" data-e-type=\"widget\" data-widget_type=\"heading.default\">\n\t\t\t\t<div class=\"elementor-widget-container\">\n\t\t\t\t\t<h1 class=\"elementor-heading-title elementor-size-default\">Enjoying the beach<\/h1>\t\t\t\t<\/div>\n\t\t\t\t<\/div>\n\t\t\t\t<div class=\"elementor-element elementor-element-66e04c0 elementor-widget elementor-widget-text-editor\" data-id=\"66e04c0\" data-element_type=\"widget\" data-e-type=\"widget\" data-widget_type=\"text-editor.default\">\n\t\t\t\t<div class=\"elementor-widget-container\">\n\t\t\t\t\t\t\t\t\t<p>SO CLOSE TO THE LAKE - this is the slogan of our house for a reason: In summer, enjoy a green gem that awaits you right in front of your holiday accommodation on the shores of Lake Wolfgang.<\/p>\t\t\t\t\t\t\t\t<\/div>\n\t\t\t\t<\/div>\n\t\t\t\t<div class=\"elementor-element elementor-element-f16ddd6 elementor-widget elementor-widget-text-editor\" data-id=\"f16ddd6\" data-element_type=\"widget\" data-e-type=\"widget\" data-widget_type=\"text-editor.default\">\n\t\t\t\t<div class=\"elementor-widget-container\">\n\t\t\t\t\t\t\t\t\t<p>The swimming area in front of the house ensures hours of fun for young and old. In the shallow water on the sloping pebble beach, toddlers can splash around, teenagers jump into the cool water from the jetty and those who want to relax can sit down on one of the deck chairs. From here you have a wonderful view of the lake and mountains - linger under a shady tree and just forget the time.<\/p><p>We also have the following offer for your perfect beach experience:<\/p><ul><li style=\"list-style-type: none;\"><ul><li>stand-up paddle boards<\/li><li>rowing boats<\/li><li>kayaks<\/li><li>key log<\/li><li>a slackline stretched across the water<\/li><\/ul><\/li><\/ul><p>The bathing area is exclusively for our house guests and accessible to you without a key. All devices are available for free use in the hut; we kindly ask you to put it back there afterwards.<\/p><p>Thank you!<\/p>\t\t\t\t\t\t\t\t<\/div>\n\t\t\t\t<\/div>\n\t\t\t\t\t<\/div>\n\t\t<\/div>\n\t\t\t\t<div class=\"elementor-column elementor-col-50 elementor-top-column elementor-element elementor-element-da1961b\" data-id=\"da1961b\" data-element_type=\"column\" data-e-type=\"column\">\n\t\t\t<div class=\"elementor-widget-wrap elementor-element-populated\">\n\t\t\t\t\t\t<section class=\"elementor-section elementor-inner-section elementor-element elementor-element-9030e31 elementor-section-boxed elementor-section-height-default elementor-section-height-default\" data-id=\"9030e31\" data-element_type=\"section\" data-e-type=\"section\">\n\t\t\t\t\t\t<div class=\"elementor-container elementor-column-gap-no\">\n\t\t\t\t\t<div class=\"elementor-column elementor-col-100 elementor-inner-column elementor-element elementor-element-918a30d\" data-id=\"918a30d\" data-element_type=\"column\" data-e-type=\"column\">\n\t\t\t<div class=\"elementor-widget-wrap elementor-element-populated\">\n\t\t\t\t\t\t<div class=\"elementor-element elementor-element-0d22ee7 elementor-arrows-position-inside elementor-widget elementor-widget-image-carousel\" data-id=\"0d22ee7\" data-element_type=\"widget\" data-e-type=\"widget\" data-settings=\"{&quot;slides_to_show&quot;:&quot;1&quot;,&quot;navigation&quot;:&quot;arrows&quot;,&quot;slides_to_show_mobile&quot;:&quot;1&quot;,&quot;effect&quot;:&quot;fade&quot;,&quot;autoplay&quot;:&quot;yes&quot;,&quot;pause_on_hover&quot;:&quot;yes&quot;,&quot;pause_on_interaction&quot;:&quot;yes&quot;,&quot;autoplay_speed&quot;:5000,&quot;infinite&quot;:&quot;yes&quot;,&quot;speed&quot;:500}\" data-widget_type=\"image-carousel.default\">\n\t\t\t\t<div class=\"elementor-widget-container\">\n\t\t\t\t\t\t\t<div class=\"elementor-image-carousel-wrapper swiper\" role=\"region\" aria-roledescription=\"carousel\" aria-label=\"Bild Karussell\" dir=\"ltr\">\n\t\t\t<div class=\"elementor-image-carousel swiper-wrapper\" aria-live=\"off\">\n\t\t\t\t\t\t\t\t<div class=\"swiper-slide\" role=\"group\" aria-roledescription=\"slide\" aria-label=\"1 von 7\"><a data-elementor-open-lightbox=\"yes\" data-elementor-lightbox-slideshow=\"0d22ee7\" data-e-action-hash=\"#elementor-action%3Aaction%3Dlightbox%26settings%3DeyJpZCI6MTg2MywidXJsIjoiaHR0cHM6XC9cL3d3dy5zZWVoYXVzLWxlaWZlci5hdFwvd3AtY29udGVudFwvdXBsb2Fkc1wvMjAyMVwvMDNcL0x1ZnRhdWZuYWhtZS1TZWVoYXVzYXJlYWwuanBnIiwic2xpZGVzaG93IjoiMGQyMmVlNyJ9\" href=\"https:\/\/www.seehaus-leifer.at\/wp-content\/uploads\/2021\/03\/Luftaufnahme-Seehausareal.jpg\"><figure class=\"swiper-slide-inner\"><img decoding=\"async\" class=\"swiper-slide-image\" src=\"https:\/\/www.seehaus-leifer.at\/wp-content\/uploads\/2021\/03\/Luftaufnahme-Seehausareal-768x512.jpg\" alt=\"Luftaufnahme-Seehausareal\" \/><\/figure><\/a><\/div><div class=\"swiper-slide\" role=\"group\" aria-roledescription=\"slide\" aria-label=\"2 von 7\"><a data-elementor-open-lightbox=\"yes\" data-elementor-lightbox-slideshow=\"0d22ee7\" data-e-action-hash=\"#elementor-action%3Aaction%3Dlightbox%26settings%3DeyJpZCI6MTg4MCwidXJsIjoiaHR0cHM6XC9cL3d3dy5zZWVoYXVzLWxlaWZlci5hdFwvd3AtY29udGVudFwvdXBsb2Fkc1wvMjAyMVwvMDNcL1dpbnRlcnN0aW1tdW5nLmpwZyIsInNsaWRlc2hvdyI6IjBkMjJlZTcifQ%3D%3D\" href=\"https:\/\/www.seehaus-leifer.at\/wp-content\/uploads\/2021\/03\/Winterstimmung.jpg\"><figure class=\"swiper-slide-inner\"><img decoding=\"async\" class=\"swiper-slide-image\" src=\"https:\/\/www.seehaus-leifer.at\/wp-content\/uploads\/2021\/03\/Winterstimmung-768x512.jpg\" alt=\"Winterstimmung\" \/><\/figure><\/a><\/div><div class=\"swiper-slide\" role=\"group\" aria-roledescription=\"slide\" aria-label=\"3 von 7\"><a data-elementor-open-lightbox=\"yes\" data-elementor-lightbox-slideshow=\"0d22ee7\" data-e-action-hash=\"#elementor-action%3Aaction%3Dlightbox%26settings%3DeyJpZCI6MTg3NiwidXJsIjoiaHR0cHM6XC9cL3d3dy5zZWVoYXVzLWxlaWZlci5hdFwvd3AtY29udGVudFwvdXBsb2Fkc1wvMjAyMVwvMDNcL1NlZWhhdXMtbWl0LUJhZGVzdHJhbmQuanBnIiwic2xpZGVzaG93IjoiMGQyMmVlNyJ9\" href=\"https:\/\/www.seehaus-leifer.at\/wp-content\/uploads\/2021\/03\/Seehaus-mit-Badestrand.jpg\"><figure class=\"swiper-slide-inner\"><img decoding=\"async\" class=\"swiper-slide-image\" src=\"https:\/\/www.seehaus-leifer.at\/wp-content\/uploads\/2021\/03\/Seehaus-mit-Badestrand-768x512.jpg\" alt=\"Seehaus-mit-Badestrand\" \/><\/figure><\/a><\/div><div class=\"swiper-slide\" role=\"group\" aria-roledescription=\"slide\" aria-label=\"4 von 7\"><a data-elementor-open-lightbox=\"yes\" data-elementor-lightbox-slideshow=\"0d22ee7\" data-e-action-hash=\"#elementor-action%3Aaction%3Dlightbox%26settings%3DeyJpZCI6MTg4MiwidXJsIjoiaHR0cHM6XC9cL3d3dy5zZWVoYXVzLWxlaWZlci5hdFwvd3AtY29udGVudFwvdXBsb2Fkc1wvMjAyMVwvMDNcL3p1ci1nb2xkZW5lbi1TdHVuZGVuLmpwZyIsInNsaWRlc2hvdyI6IjBkMjJlZTcifQ%3D%3D\" href=\"https:\/\/www.seehaus-leifer.at\/wp-content\/uploads\/2021\/03\/zur-goldenen-Stunden.jpg\"><figure class=\"swiper-slide-inner\"><img decoding=\"async\" class=\"swiper-slide-image\" src=\"https:\/\/www.seehaus-leifer.at\/wp-content\/uploads\/2021\/03\/zur-goldenen-Stunden-768x512.jpg\" alt=\"zur-goldenen-Stunden\" \/><\/figure><\/a><\/div><div class=\"swiper-slide\" role=\"group\" aria-roledescription=\"slide\" aria-label=\"5 von 7\"><a data-elementor-open-lightbox=\"yes\" data-elementor-lightbox-slideshow=\"0d22ee7\" data-e-action-hash=\"#elementor-action%3Aaction%3Dlightbox%26settings%3DeyJpZCI6MTg3OCwidXJsIjoiaHR0cHM6XC9cL3d3dy5zZWVoYXVzLWxlaWZlci5hdFwvd3AtY29udGVudFwvdXBsb2Fkc1wvMjAyMVwvMDNcL1Nvbm5pZ2VyLVdpbnRlcnRhZy5qcGciLCJzbGlkZXNob3ciOiIwZDIyZWU3In0%3D\" href=\"https:\/\/www.seehaus-leifer.at\/wp-content\/uploads\/2021\/03\/Sonniger-Wintertag.jpg\"><figure class=\"swiper-slide-inner\"><img decoding=\"async\" class=\"swiper-slide-image\" src=\"https:\/\/www.seehaus-leifer.at\/wp-content\/uploads\/2021\/03\/Sonniger-Wintertag-768x512.jpg\" alt=\"Sonniger-Wintertag\" \/><\/figure><\/a><\/div><div class=\"swiper-slide\" role=\"group\" aria-roledescription=\"slide\" aria-label=\"6 von 7\"><a data-elementor-open-lightbox=\"yes\" data-elementor-lightbox-slideshow=\"0d22ee7\" data-e-action-hash=\"#elementor-action%3Aaction%3Dlightbox%26settings%3DeyJpZCI6MTg3NSwidXJsIjoiaHR0cHM6XC9cL3d3dy5zZWVoYXVzLWxlaWZlci5hdFwvd3AtY29udGVudFwvdXBsb2Fkc1wvMjAyMVwvMDNcL1NlZWhhdXMtbWl0LUJhZGVwbGF0ei5qcGciLCJzbGlkZXNob3ciOiIwZDIyZWU3In0%3D\" href=\"https:\/\/www.seehaus-leifer.at\/wp-content\/uploads\/2021\/03\/Seehaus-mit-Badeplatz.jpg\"><figure class=\"swiper-slide-inner\"><img decoding=\"async\" class=\"swiper-slide-image\" src=\"https:\/\/www.seehaus-leifer.at\/wp-content\/uploads\/2021\/03\/Seehaus-mit-Badeplatz-768x512.jpg\" alt=\"Seehaus-mit-Badeplatz\" \/><\/figure><\/a><\/div><div class=\"swiper-slide\" role=\"group\" aria-roledescription=\"slide\" aria-label=\"7 von 7\"><a data-elementor-open-lightbox=\"yes\" data-elementor-lightbox-slideshow=\"0d22ee7\" data-e-action-hash=\"#elementor-action%3Aaction%3Dlightbox%26settings%3DeyJpZCI6MTg3NywidXJsIjoiaHR0cHM6XC9cL3d3dy5zZWVoYXVzLWxlaWZlci5hdFwvd3AtY29udGVudFwvdXBsb2Fkc1wvMjAyMVwvMDNcL1Nvbm5lbmF1ZmdhbmcuanBnIiwic2xpZGVzaG93IjoiMGQyMmVlNyJ9\" href=\"https:\/\/www.seehaus-leifer.at\/wp-content\/uploads\/2021\/03\/Sonnenaufgang.jpg\"><figure class=\"swiper-slide-inner\"><img decoding=\"async\" class=\"swiper-slide-image\" src=\"https:\/\/www.seehaus-leifer.at\/wp-content\/uploads\/2021\/03\/Sonnenaufgang-768x512.jpg\" alt=\"Sonnenaufgang\" \/><\/figure><\/a><\/div>\t\t\t<\/div>\n\t\t\t\t\t\t\t\t\t\t\t\t<div class=\"elementor-swiper-button elementor-swiper-button-prev\" role=\"button\" tabindex=\"0\">\n\t\t\t\t\t\t<i aria-hidden=\"true\" class=\"eicon-chevron-left\"><\/i>\t\t\t\t\t<\/div>\n\t\t\t\t\t<div class=\"elementor-swiper-button elementor-swiper-button-next\" role=\"button\" tabindex=\"0\">\n\t\t\t\t\t\t<i aria-hidden=\"true\" class=\"eicon-chevron-right\"><\/i>\t\t\t\t\t<\/div>\n\t\t\t\t\n\t\t\t\t\t\t\t\t\t<\/div>\n\t\t\t\t\t\t<\/div>\n\t\t\t\t<\/div>\n\t\t\t\t\t<\/div>\n\t\t<\/div>\n\t\t\t\t\t<\/div>\n\t\t<\/section>\n\t\t\t\t\t<\/div>\n\t\t<\/div>\n\t\t\t\t\t<\/div>\n\t\t<\/section>\n\t\t\t\t<section class=\"elementor-section elementor-top-section elementor-element elementor-element-b359ec4 elementor-section-boxed elementor-section-height-default elementor-section-height-default\" data-id=\"b359ec4\" data-element_type=\"section\" data-e-type=\"section\">\n\t\t\t\t\t\t<div class=\"elementor-container elementor-column-gap-default\">\n\t\t\t\t\t\t<\/div>\n\t\t<\/section>\n\t\t\t\t<section class=\"elementor-section elementor-top-section elementor-element elementor-element-87310b3 elementor-section-boxed elementor-section-height-default elementor-section-height-default\" data-id=\"87310b3\" data-element_type=\"section\" data-e-type=\"section\">\n\t\t\t\t\t\t<div class=\"elementor-container elementor-column-gap-default\">\n\t\t\t\t\t\t<\/div>\n\t\t<\/section>\n\t\t\t\t<\/div>","protected":false},"excerpt":{"rendered":"<p>Badeplatz genie\u00dfen SO NAH AM SEE \u2013 nicht umsonst ist dies der Slogan unseres Hauses: Genie\u00dfen Sie im Sommer ein gr\u00fcnes Kleinod, das Sie direkt vor Ihrer Ferienunterkunft am Ufer des Wolfgangsees erwartet. Unser hauseigener Badeplatz sorgt bei Jung und Alt f\u00fcr vergn\u00fcgliche Stunden. Im seichten Wasser am abfallenden Kiesstrand k\u00f6nnen Kleinkinder planschen, Jugendliche springen [&hellip;]<\/p>\n","protected":false},"author":1,"featured_media":0,"parent":0,"menu_order":0,"comment_status":"closed","ping_status":"closed","template":"","meta":{"ocean_post_layout":"full-screen","ocean_both_sidebars_style":"","ocean_both_sidebars_content_width":0,"ocean_both_sidebars_sidebars_width":0,"ocean_sidebar":"0","ocean_second_sidebar":"0","ocean_disable_margins":"on","ocean_add_body_class":"","ocean_shortcode_before_top_bar":"","ocean_shortcode_after_top_bar":"","ocean_shortcode_before_header":"","ocean_shortcode_after_header":"","ocean_has_shortcode":"","ocean_shortcode_after_title":"","ocean_shortcode_before_footer_widgets":"","ocean_shortcode_after_footer_widgets":"","ocean_shortcode_before_footer_bottom":"","ocean_shortcode_after_footer_bottom":"","ocean_display_top_bar":"off","ocean_display_header":"off","ocean_header_style":"minimal","ocean_center_header_left_menu":"0","ocean_custom_header_template":"0","ocean_custom_logo":0,"ocean_custom_retina_logo":0,"ocean_custom_logo_max_width":0,"ocean_custom_logo_tablet_max_width":0,"ocean_custom_logo_mobile_max_width":0,"ocean_custom_logo_max_height":0,"ocean_custom_logo_tablet_max_height":0,"ocean_custom_logo_mobile_max_height":0,"ocean_header_custom_menu":"3","ocean_menu_typo_font_family":"0","ocean_menu_typo_font_subset":"","ocean_menu_typo_font_size":0,"ocean_menu_typo_font_size_tablet":0,"ocean_menu_typo_font_size_mobile":0,"ocean_menu_typo_font_size_unit":"px","ocean_menu_typo_font_weight":"","ocean_menu_typo_font_weight_tablet":"","ocean_menu_typo_font_weight_mobile":"","ocean_menu_typo_transform":"","ocean_menu_typo_transform_tablet":"","ocean_menu_typo_transform_mobile":"","ocean_menu_typo_line_height":0,"ocean_menu_typo_line_height_tablet":0,"ocean_menu_typo_line_height_mobile":0,"ocean_menu_typo_line_height_unit":"","ocean_menu_typo_spacing":0,"ocean_menu_typo_spacing_tablet":0,"ocean_menu_typo_spacing_mobile":0,"ocean_menu_typo_spacing_unit":"","ocean_menu_link_color":"","ocean_menu_link_color_hover":"","ocean_menu_link_color_active":"","ocean_menu_link_background":"","ocean_menu_link_hover_background":"","ocean_menu_link_active_background":"","ocean_menu_social_links_bg":"","ocean_menu_social_hover_links_bg":"","ocean_menu_social_links_color":"","ocean_menu_social_hover_links_color":"","ocean_disable_title":"on","ocean_disable_heading":"default","ocean_post_title":"","ocean_post_subheading":"","ocean_post_title_style":"","ocean_post_title_background_color":"","ocean_post_title_background":0,"ocean_post_title_bg_image_position":"","ocean_post_title_bg_image_attachment":"","ocean_post_title_bg_image_repeat":"","ocean_post_title_bg_image_size":"","ocean_post_title_height":0,"ocean_post_title_bg_overlay":0.5,"ocean_post_title_bg_overlay_color":"","ocean_disable_breadcrumbs":"default","ocean_breadcrumbs_color":"","ocean_breadcrumbs_separator_color":"","ocean_breadcrumbs_links_color":"","ocean_breadcrumbs_links_hover_color":"","ocean_display_footer_widgets":"off","ocean_display_footer_bottom":"off","ocean_custom_footer_template":"0","_joinchat":[],"footnotes":""},"class_list":["post-721","page","type-page","status-publish","hentry","entry"],"yoast_head":"<!-- This site is optimized with the Yoast SEO plugin v27.5 - https:\/\/yoast.com\/product\/yoast-seo-wordpress\/ -->\n<title>Badeplatz &#8211; Seehaus Familie Leifer<\/title>\n<meta name=\"description\" content=\"SO NAH AM SEE \u2013 nicht umsonst ist dies der Slogan unseres Hauses. Unser hauseigener Badeplatz sorgt bei Jung und Alt f\u00fcr vergn\u00fcgliche Stunden.\" \/>\n<meta name=\"robots\" content=\"index, follow, max-snippet:-1, max-image-preview:large, max-video-preview:-1\" \/>\n<link rel=\"canonical\" href=\"https:\/\/www.seehaus-leifer.at\/en\/badeplatz\/\" \/>\n<meta property=\"og:locale\" content=\"en_GB\" \/>\n<meta property=\"og:type\" content=\"article\" \/>\n<meta property=\"og:title\" content=\"Badeplatz &#8211; Seehaus Familie Leifer\" \/>\n<meta property=\"og:description\" content=\"SO NAH AM SEE \u2013 nicht umsonst ist dies der Slogan unseres Hauses. Unser hauseigener Badeplatz sorgt bei Jung und Alt f\u00fcr vergn\u00fcgliche Stunden.\" \/>\n<meta property=\"og:url\" content=\"https:\/\/www.seehaus-leifer.at\/en\/badeplatz\/\" \/>\n<meta property=\"og:site_name\" content=\"Seehaus Familie Leifer\" \/>\n<meta property=\"article:publisher\" content=\"https:\/\/www.facebook.com\/SeehausLeifer\/\" \/>\n<meta property=\"article:modified_time\" content=\"2021-04-30T08:04:49+00:00\" \/>\n<meta property=\"og:image\" content=\"https:\/\/www.seehaus-leifer.at\/wp-content\/uploads\/2021\/03\/Luftaufnahme-Seehausareal-768x512.jpg\" \/>\n<meta name=\"twitter:card\" content=\"summary_large_image\" \/>\n<meta name=\"twitter:label1\" content=\"Estimated reading time\" \/>\n\t<meta name=\"twitter:data1\" content=\"3 minutes\" \/>\n<script type=\"application\/ld+json\" class=\"yoast-schema-graph\">{\"@context\":\"https:\\\/\\\/schema.org\",\"@graph\":[{\"@type\":\"WebPage\",\"@id\":\"https:\\\/\\\/www.seehaus-leifer.at\\\/badeplatz\\\/\",\"url\":\"https:\\\/\\\/www.seehaus-leifer.at\\\/badeplatz\\\/\",\"name\":\"Badeplatz &#8211; Seehaus Familie Leifer\",\"isPartOf\":{\"@id\":\"https:\\\/\\\/www.seehaus-leifer.at\\\/#website\"},\"primaryImageOfPage\":{\"@id\":\"https:\\\/\\\/www.seehaus-leifer.at\\\/badeplatz\\\/#primaryimage\"},\"image\":{\"@id\":\"https:\\\/\\\/www.seehaus-leifer.at\\\/badeplatz\\\/#primaryimage\"},\"thumbnailUrl\":\"https:\\\/\\\/www.seehaus-leifer.at\\\/wp-content\\\/uploads\\\/2021\\\/03\\\/Luftaufnahme-Seehausareal-768x512.jpg\",\"datePublished\":\"2021-02-21T14:16:22+00:00\",\"dateModified\":\"2021-04-30T08:04:49+00:00\",\"description\":\"SO NAH AM SEE \u2013 nicht umsonst ist dies der Slogan unseres Hauses. Unser hauseigener Badeplatz sorgt bei Jung und Alt f\u00fcr vergn\u00fcgliche Stunden.\",\"breadcrumb\":{\"@id\":\"https:\\\/\\\/www.seehaus-leifer.at\\\/badeplatz\\\/#breadcrumb\"},\"inLanguage\":\"en-GB\",\"potentialAction\":[{\"@type\":\"ReadAction\",\"target\":[\"https:\\\/\\\/www.seehaus-leifer.at\\\/badeplatz\\\/\"]}]},{\"@type\":\"ImageObject\",\"inLanguage\":\"en-GB\",\"@id\":\"https:\\\/\\\/www.seehaus-leifer.at\\\/badeplatz\\\/#primaryimage\",\"url\":\"https:\\\/\\\/www.seehaus-leifer.at\\\/wp-content\\\/uploads\\\/2021\\\/03\\\/Luftaufnahme-Seehausareal-768x512.jpg\",\"contentUrl\":\"https:\\\/\\\/www.seehaus-leifer.at\\\/wp-content\\\/uploads\\\/2021\\\/03\\\/Luftaufnahme-Seehausareal-768x512.jpg\"},{\"@type\":\"BreadcrumbList\",\"@id\":\"https:\\\/\\\/www.seehaus-leifer.at\\\/badeplatz\\\/#breadcrumb\",\"itemListElement\":[{\"@type\":\"ListItem\",\"position\":1,\"name\":\"Startseite\",\"item\":\"https:\\\/\\\/www.seehaus-leifer.at\\\/\"},{\"@type\":\"ListItem\",\"position\":2,\"name\":\"Badeplatz\"}]},{\"@type\":\"WebSite\",\"@id\":\"https:\\\/\\\/www.seehaus-leifer.at\\\/#website\",\"url\":\"https:\\\/\\\/www.seehaus-leifer.at\\\/\",\"name\":\"Seehaus Familie Leifer\",\"description\":\"so nah am See\",\"publisher\":{\"@id\":\"https:\\\/\\\/www.seehaus-leifer.at\\\/#organization\"},\"potentialAction\":[{\"@type\":\"SearchAction\",\"target\":{\"@type\":\"EntryPoint\",\"urlTemplate\":\"https:\\\/\\\/www.seehaus-leifer.at\\\/?s={search_term_string}\"},\"query-input\":{\"@type\":\"PropertyValueSpecification\",\"valueRequired\":true,\"valueName\":\"search_term_string\"}}],\"inLanguage\":\"en-GB\"},{\"@type\":\"Organization\",\"@id\":\"https:\\\/\\\/www.seehaus-leifer.at\\\/#organization\",\"name\":\"Seehaus Familie Leifer\",\"url\":\"https:\\\/\\\/www.seehaus-leifer.at\\\/\",\"logo\":{\"@type\":\"ImageObject\",\"inLanguage\":\"en-GB\",\"@id\":\"https:\\\/\\\/www.seehaus-leifer.at\\\/#\\\/schema\\\/logo\\\/image\\\/\",\"url\":\"https:\\\/\\\/www.seehaus-leifer.at\\\/wp-content\\\/uploads\\\/2021\\\/04\\\/fav_512-512.png\",\"contentUrl\":\"https:\\\/\\\/www.seehaus-leifer.at\\\/wp-content\\\/uploads\\\/2021\\\/04\\\/fav_512-512.png\",\"width\":512,\"height\":512,\"caption\":\"Seehaus Familie Leifer\"},\"image\":{\"@id\":\"https:\\\/\\\/www.seehaus-leifer.at\\\/#\\\/schema\\\/logo\\\/image\\\/\"},\"sameAs\":[\"https:\\\/\\\/www.facebook.com\\\/SeehausLeifer\\\/\",\"https:\\\/\\\/www.instagram.com\\\/magdilei\"]}]}<\/script>\n<!-- \/ Yoast SEO plugin. -->","yoast_head_json":{"title":"Badeplatz &#8211; Seehaus Familie Leifer","description":"SO NAH AM SEE \u2013 nicht umsonst ist dies der Slogan unseres Hauses. Unser hauseigener Badeplatz sorgt bei Jung und Alt f\u00fcr vergn\u00fcgliche Stunden.","robots":{"index":"index","follow":"follow","max-snippet":"max-snippet:-1","max-image-preview":"max-image-preview:large","max-video-preview":"max-video-preview:-1"},"canonical":"https:\/\/www.seehaus-leifer.at\/en\/badeplatz\/","og_locale":"en_GB","og_type":"article","og_title":"Badeplatz &#8211; Seehaus Familie Leifer","og_description":"SO NAH AM SEE \u2013 nicht umsonst ist dies der Slogan unseres Hauses. Unser hauseigener Badeplatz sorgt bei Jung und Alt f\u00fcr vergn\u00fcgliche Stunden.","og_url":"https:\/\/www.seehaus-leifer.at\/en\/badeplatz\/","og_site_name":"Seehaus Familie Leifer","article_publisher":"https:\/\/www.facebook.com\/SeehausLeifer\/","article_modified_time":"2021-04-30T08:04:49+00:00","og_image":[{"url":"https:\/\/www.seehaus-leifer.at\/wp-content\/uploads\/2021\/03\/Luftaufnahme-Seehausareal-768x512.jpg","type":"","width":"","height":""}],"twitter_card":"summary_large_image","twitter_misc":{"Estimated reading time":"3 minutes"},"schema":{"@context":"https:\/\/schema.org","@graph":[{"@type":"WebPage","@id":"https:\/\/www.seehaus-leifer.at\/badeplatz\/","url":"https:\/\/www.seehaus-leifer.at\/badeplatz\/","name":"Badeplatz &#8211; Seehaus Familie Leifer","isPartOf":{"@id":"https:\/\/www.seehaus-leifer.at\/#website"},"primaryImageOfPage":{"@id":"https:\/\/www.seehaus-leifer.at\/badeplatz\/#primaryimage"},"image":{"@id":"https:\/\/www.seehaus-leifer.at\/badeplatz\/#primaryimage"},"thumbnailUrl":"https:\/\/www.seehaus-leifer.at\/wp-content\/uploads\/2021\/03\/Luftaufnahme-Seehausareal-768x512.jpg","datePublished":"2021-02-21T14:16:22+00:00","dateModified":"2021-04-30T08:04:49+00:00","description":"SO NAH AM SEE \u2013 nicht umsonst ist dies der Slogan unseres Hauses. Unser hauseigener Badeplatz sorgt bei Jung und Alt f\u00fcr vergn\u00fcgliche Stunden.","breadcrumb":{"@id":"https:\/\/www.seehaus-leifer.at\/badeplatz\/#breadcrumb"},"inLanguage":"en-GB","potentialAction":[{"@type":"ReadAction","target":["https:\/\/www.seehaus-leifer.at\/badeplatz\/"]}]},{"@type":"ImageObject","inLanguage":"en-GB","@id":"https:\/\/www.seehaus-leifer.at\/badeplatz\/#primaryimage","url":"https:\/\/www.seehaus-leifer.at\/wp-content\/uploads\/2021\/03\/Luftaufnahme-Seehausareal-768x512.jpg","contentUrl":"https:\/\/www.seehaus-leifer.at\/wp-content\/uploads\/2021\/03\/Luftaufnahme-Seehausareal-768x512.jpg"},{"@type":"BreadcrumbList","@id":"https:\/\/www.seehaus-leifer.at\/badeplatz\/#breadcrumb","itemListElement":[{"@type":"ListItem","position":1,"name":"Startseite","item":"https:\/\/www.seehaus-leifer.at\/"},{"@type":"ListItem","position":2,"name":"Badeplatz"}]},{"@type":"WebSite","@id":"https:\/\/www.seehaus-leifer.at\/#website","url":"https:\/\/www.seehaus-leifer.at\/","name":"Seehaus Leifer family","description":"so nah am See","publisher":{"@id":"https:\/\/www.seehaus-leifer.at\/#organization"},"potentialAction":[{"@type":"SearchAction","target":{"@type":"EntryPoint","urlTemplate":"https:\/\/www.seehaus-leifer.at\/?s={search_term_string}"},"query-input":{"@type":"PropertyValueSpecification","valueRequired":true,"valueName":"search_term_string"}}],"inLanguage":"en-GB"},{"@type":"Organization","@id":"https:\/\/www.seehaus-leifer.at\/#organization","name":"Seehaus Leifer family","url":"https:\/\/www.seehaus-leifer.at\/","logo":{"@type":"ImageObject","inLanguage":"en-GB","@id":"https:\/\/www.seehaus-leifer.at\/#\/schema\/logo\/image\/","url":"https:\/\/www.seehaus-leifer.at\/wp-content\/uploads\/2021\/04\/fav_512-512.png","contentUrl":"https:\/\/www.seehaus-leifer.at\/wp-content\/uploads\/2021\/04\/fav_512-512.png","width":512,"height":512,"caption":"Seehaus Familie Leifer"},"image":{"@id":"https:\/\/www.seehaus-leifer.at\/#\/schema\/logo\/image\/"},"sameAs":["https:\/\/www.facebook.com\/SeehausLeifer\/","https:\/\/www.instagram.com\/magdilei"]}]}},"_links":{"self":[{"href":"https:\/\/www.seehaus-leifer.at\/en\/wp-json\/wp\/v2\/pages\/721","targetHints":{"allow":["GET"]}}],"collection":[{"href":"https:\/\/www.seehaus-leifer.at\/en\/wp-json\/wp\/v2\/pages"}],"about":[{"href":"https:\/\/www.seehaus-leifer.at\/en\/wp-json\/wp\/v2\/types\/page"}],"author":[{"embeddable":true,"href":"https:\/\/www.seehaus-leifer.at\/en\/wp-json\/wp\/v2\/users\/1"}],"replies":[{"embeddable":true,"href":"https:\/\/www.seehaus-leifer.at\/en\/wp-json\/wp\/v2\/comments?post=721"}],"version-history":[{"count":0,"href":"https:\/\/www.seehaus-leifer.at\/en\/wp-json\/wp\/v2\/pages\/721\/revisions"}],"wp:attachment":[{"href":"https:\/\/www.seehaus-leifer.at\/en\/wp-json\/wp\/v2\/media?parent=721"}],"curies":[{"name":"wp","href":"https:\/\/api.w.org\/{rel}","templated":true}]}}