{"id":4023,"date":"2021-04-15T14:57:08","date_gmt":"2021-04-15T12:57:08","guid":{"rendered":"https:\/\/www.seehaus-leifer.at\/?page_id=4023"},"modified":"2024-05-18T19:31:05","modified_gmt":"2024-05-18T17:31:05","slug":"seehaus","status":"publish","type":"page","link":"https:\/\/www.seehaus-leifer.at\/en\/seehaus\/","title":{"rendered":"seehaus"},"content":{"rendered":"<div data-elementor-type=\"wp-page\" data-elementor-id=\"4023\" class=\"elementor elementor-4023\">\n\t\t\t\t\t\t<section class=\"elementor-section elementor-top-section elementor-element elementor-element-b359ec4 elementor-section-boxed elementor-section-height-default elementor-section-height-default\" data-id=\"b359ec4\" data-element_type=\"section\" data-e-type=\"section\">\n\t\t\t\t\t\t<div class=\"elementor-container elementor-column-gap-default\">\n\t\t\t\t\t\t<\/div>\n\t\t<\/section>\n\t\t\t\t<section class=\"elementor-section elementor-top-section elementor-element elementor-element-87310b3 elementor-section-boxed elementor-section-height-default elementor-section-height-default\" data-id=\"87310b3\" data-element_type=\"section\" data-e-type=\"section\">\n\t\t\t\t\t\t<div class=\"elementor-container elementor-column-gap-default\">\n\t\t\t\t\t\t<\/div>\n\t\t<\/section>\n\t\t\t\t<section class=\"elementor-section elementor-top-section elementor-element elementor-element-a6b34dc elementor-section-boxed elementor-section-height-default elementor-section-height-default\" data-id=\"a6b34dc\" data-element_type=\"section\" data-e-type=\"section\">\n\t\t\t\t\t\t<div class=\"elementor-container elementor-column-gap-default\">\n\t\t\t\t\t<div class=\"elementor-column elementor-col-100 elementor-top-column elementor-element elementor-element-3cc2619\" data-id=\"3cc2619\" data-element_type=\"column\" data-e-type=\"column\">\n\t\t\t<div class=\"elementor-widget-wrap elementor-element-populated\">\n\t\t\t\t\t\t<section class=\"elementor-section elementor-inner-section elementor-element elementor-element-2bfae1f elementor-section-boxed elementor-section-height-default elementor-section-height-default\" data-id=\"2bfae1f\" data-element_type=\"section\" data-e-type=\"section\">\n\t\t\t\t\t\t<div class=\"elementor-container elementor-column-gap-no\">\n\t\t\t\t\t<div class=\"elementor-column elementor-col-50 elementor-inner-column elementor-element elementor-element-b93fa28\" data-id=\"b93fa28\" data-element_type=\"column\" data-e-type=\"column\">\n\t\t\t<div class=\"elementor-widget-wrap elementor-element-populated\">\n\t\t\t\t\t\t<div class=\"elementor-element elementor-element-986b55a elementor-widget elementor-widget-heading\" data-id=\"986b55a\" data-element_type=\"widget\" data-e-type=\"widget\" data-widget_type=\"heading.default\">\n\t\t\t\t<div class=\"elementor-widget-container\">\n\t\t\t\t\t<h1 class=\"elementor-heading-title elementor-size-default\">Welcome<\/h1>\t\t\t\t<\/div>\n\t\t\t\t<\/div>\n\t\t\t\t<div class=\"elementor-element elementor-element-657c486 elementor-widget elementor-widget-text-editor\" data-id=\"657c486\" data-element_type=\"widget\" data-e-type=\"widget\" data-widget_type=\"text-editor.default\">\n\t\t\t\t<div class=\"elementor-widget-container\">\n\t\t\t\t\t\t\t\t\tHello at Lake Wolfgang - we look forward to welcoming you to the Seehaus family Leifer! Spend relaxing days with your loved ones with us and enjoy the most beautiful sides of the Salzkammergut.\t\t\t\t\t\t\t\t<\/div>\n\t\t\t\t<\/div>\n\t\t\t\t<div class=\"elementor-element elementor-element-346ce3e elementor-widget elementor-widget-text-editor\" data-id=\"346ce3e\" data-element_type=\"widget\" data-e-type=\"widget\" data-widget_type=\"text-editor.default\">\n\t\t\t\t<div class=\"elementor-widget-container\">\n\t\t\t\t\t\t\t\t\t<p>The name of our house is no coincidence: the turquoise-blue Wolfgangsee is right in front of the door, and our large green park offers you enough space to relax away from everyday life. It is a matter close to our hearts to give you a comfortable temporary home, in which you can develop freely and design your holiday to suit your taste. In Seehaus Leifer, just let yourself drift instead of looking at the clock.<\/p>\t\t\t\t\t\t\t\t<\/div>\n\t\t\t\t<\/div>\n\t\t\t\t<div class=\"elementor-element elementor-element-d4e8fdd elementor-widget elementor-widget-heading\" data-id=\"d4e8fdd\" data-element_type=\"widget\" data-e-type=\"widget\" data-widget_type=\"heading.default\">\n\t\t\t\t<div class=\"elementor-widget-container\">\n\t\t\t\t\t<h2 class=\"elementor-heading-title elementor-size-default\">A villa with flair<\/h2>\t\t\t\t<\/div>\n\t\t\t\t<\/div>\n\t\t\t\t<div class=\"elementor-element elementor-element-f3efe60 elementor-widget elementor-widget-text-editor\" data-id=\"f3efe60\" data-element_type=\"widget\" data-e-type=\"widget\" data-widget_type=\"text-editor.default\">\n\t\t\t\t<div class=\"elementor-widget-container\">\n\t\t\t\t\t\t\t\t\t<p>The foundations of Seehaus go back to a Salzkammergut lake villa that was built in 1895. After renovation in 2017, the house is now run by Magdalena Leifer in the third generation. It is located outside the center directly on Lake Wolfgang, only a few minutes' walk from the town center with restaurants and shops. The boat station, Schafbergbahn and \u201c\u00dcberfuhr\u201d (shuttle boat for passengers and bicycles) to the other side of the lake are also within easy walking distance. The child-friendly bathing area is right in front of Seehaus and offers numerous water sports opportunities.<\/p><p>There are 15 apartments with a kitchenette and 3 double rooms. Next to a cozy salon with a view of the lake our guests can also use a kitchen with coffee, tea and a vending machine. Our guests are cordially invited to gather in the common area.<\/p>\t\t\t\t\t\t\t\t<\/div>\n\t\t\t\t<\/div>\n\t\t\t\t<div class=\"elementor-element elementor-element-2e2e4ad elementor-arrows-position-inside elementor-widget elementor-widget-image-carousel\" data-id=\"2e2e4ad\" data-element_type=\"widget\" data-e-type=\"widget\" data-settings=\"{&quot;slides_to_show&quot;:&quot;1&quot;,&quot;navigation&quot;:&quot;arrows&quot;,&quot;slides_to_show_mobile&quot;:&quot;1&quot;,&quot;effect&quot;:&quot;fade&quot;,&quot;autoplay&quot;:&quot;yes&quot;,&quot;pause_on_hover&quot;:&quot;yes&quot;,&quot;pause_on_interaction&quot;:&quot;yes&quot;,&quot;autoplay_speed&quot;:5000,&quot;infinite&quot;:&quot;yes&quot;,&quot;speed&quot;:500}\" data-widget_type=\"image-carousel.default\">\n\t\t\t\t<div class=\"elementor-widget-container\">\n\t\t\t\t\t\t\t<div class=\"elementor-image-carousel-wrapper swiper\" role=\"region\" aria-roledescription=\"carousel\" aria-label=\"Bild Karussell\" dir=\"ltr\">\n\t\t\t<div class=\"elementor-image-carousel swiper-wrapper\" aria-live=\"off\">\n\t\t\t\t\t\t\t\t<div class=\"swiper-slide\" role=\"group\" aria-roledescription=\"slide\" aria-label=\"1 von 4\"><a data-elementor-open-lightbox=\"yes\" data-elementor-lightbox-slideshow=\"2e2e4ad\" data-e-action-hash=\"#elementor-action%3Aaction%3Dlightbox%26settings%3DeyJpZCI6NDAzMCwidXJsIjoiaHR0cHM6XC9cL3d3dy5zZWVoYXVzLWxlaWZlci5hdFwvd3AtY29udGVudFwvdXBsb2Fkc1wvMjAyMVwvMDRcL1ZpbGxhX05hY2hiYXVlci5qcGciLCJzbGlkZXNob3ciOiIyZTJlNGFkIn0%3D\" href=\"https:\/\/www.seehaus-leifer.at\/wp-content\/uploads\/2021\/04\/Villa_Nachbauer.jpg\"><figure class=\"swiper-slide-inner\"><img decoding=\"async\" class=\"swiper-slide-image\" src=\"https:\/\/www.seehaus-leifer.at\/wp-content\/uploads\/2021\/04\/Villa_Nachbauer-768x512.jpg\" alt=\"Villa_Nachbauer\" \/><\/figure><\/a><\/div><div class=\"swiper-slide\" role=\"group\" aria-roledescription=\"slide\" aria-label=\"2 von 4\"><a data-elementor-open-lightbox=\"yes\" data-elementor-lightbox-slideshow=\"2e2e4ad\" data-e-action-hash=\"#elementor-action%3Aaction%3Dlightbox%26settings%3DeyJpZCI6NDAyNiwidXJsIjoiaHR0cHM6XC9cL3d3dy5zZWVoYXVzLWxlaWZlci5hdFwvd3AtY29udGVudFwvdXBsb2Fkc1wvMjAyMVwvMDRcL0F1c2JhdXN0dWZlXzEuanBnIiwic2xpZGVzaG93IjoiMmUyZTRhZCJ9\" href=\"https:\/\/www.seehaus-leifer.at\/wp-content\/uploads\/2021\/04\/Ausbaustufe_1.jpg\"><figure class=\"swiper-slide-inner\"><img decoding=\"async\" class=\"swiper-slide-image\" src=\"https:\/\/www.seehaus-leifer.at\/wp-content\/uploads\/2021\/04\/Ausbaustufe_1-768x512.jpg\" alt=\"Ausbaustufe_1\" \/><\/figure><\/a><\/div><div class=\"swiper-slide\" role=\"group\" aria-roledescription=\"slide\" aria-label=\"3 von 4\"><a data-elementor-open-lightbox=\"yes\" data-elementor-lightbox-slideshow=\"2e2e4ad\" data-e-action-hash=\"#elementor-action%3Aaction%3Dlightbox%26settings%3DeyJpZCI6NDAyNywidXJsIjoiaHR0cHM6XC9cL3d3dy5zZWVoYXVzLWxlaWZlci5hdFwvd3AtY29udGVudFwvdXBsb2Fkc1wvMjAyMVwvMDRcL0F1c2JhdXN0dWZlXzIuanBnIiwic2xpZGVzaG93IjoiMmUyZTRhZCJ9\" href=\"https:\/\/www.seehaus-leifer.at\/wp-content\/uploads\/2021\/04\/Ausbaustufe_2.jpg\"><figure class=\"swiper-slide-inner\"><img decoding=\"async\" class=\"swiper-slide-image\" src=\"https:\/\/www.seehaus-leifer.at\/wp-content\/uploads\/2021\/04\/Ausbaustufe_2-768x512.jpg\" alt=\"Ausbaustufe_2\" \/><\/figure><\/a><\/div><div class=\"swiper-slide\" role=\"group\" aria-roledescription=\"slide\" aria-label=\"4 von 4\"><a data-elementor-open-lightbox=\"yes\" data-elementor-lightbox-slideshow=\"2e2e4ad\" data-e-action-hash=\"#elementor-action%3Aaction%3Dlightbox%26settings%3DeyJpZCI6NDAyOCwidXJsIjoiaHR0cHM6XC9cL3d3dy5zZWVoYXVzLWxlaWZlci5hdFwvd3AtY29udGVudFwvdXBsb2Fkc1wvMjAyMVwvMDRcL0F1c2JhdXN0dWZlXzMuanBnIiwic2xpZGVzaG93IjoiMmUyZTRhZCJ9\" href=\"https:\/\/www.seehaus-leifer.at\/wp-content\/uploads\/2021\/04\/Ausbaustufe_3.jpg\"><figure class=\"swiper-slide-inner\"><img decoding=\"async\" class=\"swiper-slide-image\" src=\"https:\/\/www.seehaus-leifer.at\/wp-content\/uploads\/2021\/04\/Ausbaustufe_3-768x512.jpg\" alt=\"Ausbaustufe_3\" \/><\/figure><\/a><\/div>\t\t\t<\/div>\n\t\t\t\t\t\t\t\t\t\t\t\t<div class=\"elementor-swiper-button elementor-swiper-button-prev\" role=\"button\" tabindex=\"0\">\n\t\t\t\t\t\t<i aria-hidden=\"true\" class=\"eicon-chevron-left\"><\/i>\t\t\t\t\t<\/div>\n\t\t\t\t\t<div class=\"elementor-swiper-button elementor-swiper-button-next\" role=\"button\" tabindex=\"0\">\n\t\t\t\t\t\t<i aria-hidden=\"true\" class=\"eicon-chevron-right\"><\/i>\t\t\t\t\t<\/div>\n\t\t\t\t\n\t\t\t\t\t\t\t\t\t<\/div>\n\t\t\t\t\t\t<\/div>\n\t\t\t\t<\/div>\n\t\t\t\t\t<\/div>\n\t\t<\/div>\n\t\t\t\t<div class=\"elementor-column elementor-col-50 elementor-inner-column elementor-element elementor-element-e0304ff\" data-id=\"e0304ff\" data-element_type=\"column\" data-e-type=\"column\">\n\t\t\t<div class=\"elementor-widget-wrap elementor-element-populated\">\n\t\t\t\t\t\t<div class=\"elementor-element elementor-element-1a387b2 elementor-widget elementor-widget-image\" data-id=\"1a387b2\" data-element_type=\"widget\" data-e-type=\"widget\" data-widget_type=\"image.default\">\n\t\t\t\t<div class=\"elementor-widget-container\">\n\t\t\t\t\t\t\t\t\t\t\t\t\t\t\t<img fetchpriority=\"high\" decoding=\"async\" width=\"768\" height=\"512\" src=\"https:\/\/www.seehaus-leifer.at\/wp-content\/uploads\/2021\/04\/Ausbaustufe_4-768x512.jpg\" class=\"attachment-medium_large size-medium_large wp-image-4029\" alt=\"\" srcset=\"https:\/\/www.seehaus-leifer.at\/wp-content\/uploads\/2021\/04\/Ausbaustufe_4-768x512.jpg 768w, https:\/\/www.seehaus-leifer.at\/wp-content\/uploads\/2021\/04\/Ausbaustufe_4-300x200.jpg 300w, https:\/\/www.seehaus-leifer.at\/wp-content\/uploads\/2021\/04\/Ausbaustufe_4-16x12.jpg 16w, https:\/\/www.seehaus-leifer.at\/wp-content\/uploads\/2021\/04\/Ausbaustufe_4.jpg 900w\" sizes=\"(max-width: 768px) 100vw, 768px\" \/>\t\t\t\t\t\t\t\t\t\t\t\t\t\t\t<\/div>\n\t\t\t\t<\/div>\n\t\t\t\t<div class=\"elementor-element elementor-element-7145447 elementor-widget elementor-widget-heading\" data-id=\"7145447\" data-element_type=\"widget\" data-e-type=\"widget\" data-widget_type=\"heading.default\">\n\t\t\t\t<div class=\"elementor-widget-container\">\n\t\t\t\t\t<h2 class=\"elementor-heading-title elementor-size-default\">Ambience<\/h2>\t\t\t\t<\/div>\n\t\t\t\t<\/div>\n\t\t\t\t<div class=\"elementor-element elementor-element-8cade76 elementor-widget elementor-widget-text-editor\" data-id=\"8cade76\" data-element_type=\"widget\" data-e-type=\"widget\" data-widget_type=\"text-editor.default\">\n\t\t\t\t<div class=\"elementor-widget-container\">\n\t\t\t\t\t\t\t\t\t<p>Our historic villa has graced the shores of the lake since 1895. The charm of bygone times still wafts through their corridors, which we keep alive with the original herringbone parquet, turquoise tiled stoves, magnificent upholstered furniture and characteristic interior. History is reflected in many corners, but no-one here does without modern comfort: That is what makes our Seehaus so special.<\/p>\t\t\t\t\t\t\t\t<\/div>\n\t\t\t\t<\/div>\n\t\t\t\t<div class=\"elementor-element elementor-element-0017bac elementor-widget elementor-widget-heading\" data-id=\"0017bac\" data-element_type=\"widget\" data-e-type=\"widget\" data-widget_type=\"heading.default\">\n\t\t\t\t<div class=\"elementor-widget-container\">\n\t\t\t\t\t<h2 class=\"elementor-heading-title elementor-size-default\">Around the lake<\/h2>\t\t\t\t<\/div>\n\t\t\t\t<\/div>\n\t\t\t\t<div class=\"elementor-element elementor-element-e91d60c elementor-widget elementor-widget-text-editor\" data-id=\"e91d60c\" data-element_type=\"widget\" data-e-type=\"widget\" data-widget_type=\"text-editor.default\">\n\t\t\t\t<div class=\"elementor-widget-container\">\n\t\t\t\t\t\t\t\t\t<p>If you like the water, the mountains and alpine serenity, you will find a favorite place with us. The area around the Seehaus - from the private park to the bathing area - has various sports and recreational offers ready for you. In addition, you can reach the center of St. Wolfgang and the ship landing stage in a few minutes on foot.<\/p><p>Discover the many facets of the Salzkammergut while hiking, cycling, on a boat tour or on the snow-covered slopes in winter. Whenever you are with us: SO CLOSE TO THE LAKE you will experience an unforgettable vacation.<\/p>\t\t\t\t\t\t\t\t<\/div>\n\t\t\t\t<\/div>\n\t\t\t\t<div class=\"elementor-element elementor-element-3dfc1f8 elementor-widget elementor-widget-text-editor\" data-id=\"3dfc1f8\" data-element_type=\"widget\" data-e-type=\"widget\" data-widget_type=\"text-editor.default\">\n\t\t\t\t<div class=\"elementor-widget-container\">\n\t\t\t\t\t\t\t\t\t<p><b>It's great that you are our guest - please do not hesitate to contact us if we can do something for you! <br><\/b><\/p>\n<p><b><\/b><b><b>Yours truly, the Leifer family<\/b><\/b><\/p>\t\t\t\t\t\t\t\t<\/div>\n\t\t\t\t<\/div>\n\t\t\t\t\t<\/div>\n\t\t<\/div>\n\t\t\t\t\t<\/div>\n\t\t<\/section>\n\t\t\t\t\t<\/div>\n\t\t<\/div>\n\t\t\t\t\t<\/div>\n\t\t<\/section>\n\t\t\t\t<\/div>","protected":false},"excerpt":{"rendered":"<p>Herzlich Willkommen Gr\u00fc\u00df Gott am Wolfgangsee \u2013 wir freuen uns, Sie im Seehaus Familie Leifer empfangen zu d\u00fcrfen! Verbringen Sie bei uns erholsame Tage mit Ihren Lieben und genie\u00dfen Sie die sch\u00f6nsten Seiten des Salzkammerguts. Der Name unseres Hauses kommt nicht von ungef\u00e4hr: Der t\u00fcrkisblaue Wolfgangsee liegt unmittelbar vor der T\u00fcre, und unsere gro\u00dfe gr\u00fcne [&hellip;]<\/p>\n","protected":false},"author":1,"featured_media":0,"parent":0,"menu_order":0,"comment_status":"closed","ping_status":"closed","template":"","meta":{"ocean_post_layout":"full-screen","ocean_both_sidebars_style":"","ocean_both_sidebars_content_width":0,"ocean_both_sidebars_sidebars_width":0,"ocean_sidebar":"0","ocean_second_sidebar":"0","ocean_disable_margins":"on","ocean_add_body_class":"","ocean_shortcode_before_top_bar":"","ocean_shortcode_after_top_bar":"","ocean_shortcode_before_header":"","ocean_shortcode_after_header":"","ocean_has_shortcode":"","ocean_shortcode_after_title":"","ocean_shortcode_before_footer_widgets":"","ocean_shortcode_after_footer_widgets":"","ocean_shortcode_before_footer_bottom":"","ocean_shortcode_after_footer_bottom":"","ocean_display_top_bar":"off","ocean_display_header":"off","ocean_header_style":"minimal","ocean_center_header_left_menu":"0","ocean_custom_header_template":"0","ocean_custom_logo":0,"ocean_custom_retina_logo":0,"ocean_custom_logo_max_width":0,"ocean_custom_logo_tablet_max_width":0,"ocean_custom_logo_mobile_max_width":0,"ocean_custom_logo_max_height":0,"ocean_custom_logo_tablet_max_height":0,"ocean_custom_logo_mobile_max_height":0,"ocean_header_custom_menu":"3","ocean_menu_typo_font_family":"0","ocean_menu_typo_font_subset":"","ocean_menu_typo_font_size":0,"ocean_menu_typo_font_size_tablet":0,"ocean_menu_typo_font_size_mobile":0,"ocean_menu_typo_font_size_unit":"px","ocean_menu_typo_font_weight":"","ocean_menu_typo_font_weight_tablet":"","ocean_menu_typo_font_weight_mobile":"","ocean_menu_typo_transform":"","ocean_menu_typo_transform_tablet":"","ocean_menu_typo_transform_mobile":"","ocean_menu_typo_line_height":0,"ocean_menu_typo_line_height_tablet":0,"ocean_menu_typo_line_height_mobile":0,"ocean_menu_typo_line_height_unit":"","ocean_menu_typo_spacing":0,"ocean_menu_typo_spacing_tablet":0,"ocean_menu_typo_spacing_mobile":0,"ocean_menu_typo_spacing_unit":"","ocean_menu_link_color":"","ocean_menu_link_color_hover":"","ocean_menu_link_color_active":"","ocean_menu_link_background":"","ocean_menu_link_hover_background":"","ocean_menu_link_active_background":"","ocean_menu_social_links_bg":"","ocean_menu_social_hover_links_bg":"","ocean_menu_social_links_color":"","ocean_menu_social_hover_links_color":"","ocean_disable_title":"on","ocean_disable_heading":"default","ocean_post_title":"","ocean_post_subheading":"","ocean_post_title_style":"","ocean_post_title_background_color":"","ocean_post_title_background":0,"ocean_post_title_bg_image_position":"","ocean_post_title_bg_image_attachment":"","ocean_post_title_bg_image_repeat":"","ocean_post_title_bg_image_size":"","ocean_post_title_height":0,"ocean_post_title_bg_overlay":0.5,"ocean_post_title_bg_overlay_color":"","ocean_disable_breadcrumbs":"default","ocean_breadcrumbs_color":"","ocean_breadcrumbs_separator_color":"","ocean_breadcrumbs_links_color":"","ocean_breadcrumbs_links_hover_color":"","ocean_display_footer_widgets":"off","ocean_display_footer_bottom":"off","ocean_custom_footer_template":"","_joinchat":[],"footnotes":""},"class_list":["post-4023","page","type-page","status-publish","hentry","entry"],"yoast_head":"<!-- This site is optimized with the Yoast SEO plugin v27.5 - https:\/\/yoast.com\/product\/yoast-seo-wordpress\/ -->\n<title>Seehaus &#8211; Seehaus Familie Leifer<\/title>\n<meta name=\"description\" content=\"SO NAH AM SEE\" \/>\n<meta name=\"robots\" content=\"index, follow, max-snippet:-1, max-image-preview:large, max-video-preview:-1\" \/>\n<link rel=\"canonical\" href=\"https:\/\/www.seehaus-leifer.at\/en\/seehaus\/\" \/>\n<meta property=\"og:locale\" content=\"en_GB\" \/>\n<meta property=\"og:type\" content=\"article\" \/>\n<meta property=\"og:title\" content=\"Seehaus &#8211; Seehaus Familie Leifer\" \/>\n<meta property=\"og:description\" content=\"SO NAH AM SEE\" \/>\n<meta property=\"og:url\" content=\"https:\/\/www.seehaus-leifer.at\/en\/seehaus\/\" \/>\n<meta property=\"og:site_name\" content=\"Seehaus Familie Leifer\" \/>\n<meta property=\"article:publisher\" content=\"https:\/\/www.facebook.com\/SeehausLeifer\/\" \/>\n<meta property=\"article:modified_time\" content=\"2024-05-18T17:31:05+00:00\" \/>\n<meta property=\"og:image\" content=\"https:\/\/www.seehaus-leifer.at\/wp-content\/uploads\/2021\/04\/Villa_Nachbauer-768x512.jpg\" \/>\n<meta name=\"twitter:card\" content=\"summary_large_image\" \/>\n<meta name=\"twitter:label1\" content=\"Estimated reading time\" \/>\n\t<meta name=\"twitter:data1\" content=\"2 minutes\" \/>\n<script type=\"application\/ld+json\" class=\"yoast-schema-graph\">{\"@context\":\"https:\\\/\\\/schema.org\",\"@graph\":[{\"@type\":\"WebPage\",\"@id\":\"https:\\\/\\\/www.seehaus-leifer.at\\\/seehaus\\\/\",\"url\":\"https:\\\/\\\/www.seehaus-leifer.at\\\/seehaus\\\/\",\"name\":\"Seehaus &#8211; Seehaus Familie Leifer\",\"isPartOf\":{\"@id\":\"https:\\\/\\\/www.seehaus-leifer.at\\\/#website\"},\"primaryImageOfPage\":{\"@id\":\"https:\\\/\\\/www.seehaus-leifer.at\\\/seehaus\\\/#primaryimage\"},\"image\":{\"@id\":\"https:\\\/\\\/www.seehaus-leifer.at\\\/seehaus\\\/#primaryimage\"},\"thumbnailUrl\":\"https:\\\/\\\/www.seehaus-leifer.at\\\/wp-content\\\/uploads\\\/2021\\\/04\\\/Villa_Nachbauer-768x512.jpg\",\"datePublished\":\"2021-04-15T12:57:08+00:00\",\"dateModified\":\"2024-05-18T17:31:05+00:00\",\"description\":\"SO NAH AM SEE\",\"breadcrumb\":{\"@id\":\"https:\\\/\\\/www.seehaus-leifer.at\\\/seehaus\\\/#breadcrumb\"},\"inLanguage\":\"en-GB\",\"potentialAction\":[{\"@type\":\"ReadAction\",\"target\":[\"https:\\\/\\\/www.seehaus-leifer.at\\\/seehaus\\\/\"]}]},{\"@type\":\"ImageObject\",\"inLanguage\":\"en-GB\",\"@id\":\"https:\\\/\\\/www.seehaus-leifer.at\\\/seehaus\\\/#primaryimage\",\"url\":\"https:\\\/\\\/www.seehaus-leifer.at\\\/wp-content\\\/uploads\\\/2021\\\/04\\\/Villa_Nachbauer-768x512.jpg\",\"contentUrl\":\"https:\\\/\\\/www.seehaus-leifer.at\\\/wp-content\\\/uploads\\\/2021\\\/04\\\/Villa_Nachbauer-768x512.jpg\"},{\"@type\":\"BreadcrumbList\",\"@id\":\"https:\\\/\\\/www.seehaus-leifer.at\\\/seehaus\\\/#breadcrumb\",\"itemListElement\":[{\"@type\":\"ListItem\",\"position\":1,\"name\":\"Startseite\",\"item\":\"https:\\\/\\\/www.seehaus-leifer.at\\\/\"},{\"@type\":\"ListItem\",\"position\":2,\"name\":\"Seehaus\"}]},{\"@type\":\"WebSite\",\"@id\":\"https:\\\/\\\/www.seehaus-leifer.at\\\/#website\",\"url\":\"https:\\\/\\\/www.seehaus-leifer.at\\\/\",\"name\":\"Seehaus Familie Leifer\",\"description\":\"so nah am See\",\"publisher\":{\"@id\":\"https:\\\/\\\/www.seehaus-leifer.at\\\/#organization\"},\"potentialAction\":[{\"@type\":\"SearchAction\",\"target\":{\"@type\":\"EntryPoint\",\"urlTemplate\":\"https:\\\/\\\/www.seehaus-leifer.at\\\/?s={search_term_string}\"},\"query-input\":{\"@type\":\"PropertyValueSpecification\",\"valueRequired\":true,\"valueName\":\"search_term_string\"}}],\"inLanguage\":\"en-GB\"},{\"@type\":\"Organization\",\"@id\":\"https:\\\/\\\/www.seehaus-leifer.at\\\/#organization\",\"name\":\"Seehaus Familie Leifer\",\"url\":\"https:\\\/\\\/www.seehaus-leifer.at\\\/\",\"logo\":{\"@type\":\"ImageObject\",\"inLanguage\":\"en-GB\",\"@id\":\"https:\\\/\\\/www.seehaus-leifer.at\\\/#\\\/schema\\\/logo\\\/image\\\/\",\"url\":\"https:\\\/\\\/www.seehaus-leifer.at\\\/wp-content\\\/uploads\\\/2021\\\/04\\\/fav_512-512.png\",\"contentUrl\":\"https:\\\/\\\/www.seehaus-leifer.at\\\/wp-content\\\/uploads\\\/2021\\\/04\\\/fav_512-512.png\",\"width\":512,\"height\":512,\"caption\":\"Seehaus Familie Leifer\"},\"image\":{\"@id\":\"https:\\\/\\\/www.seehaus-leifer.at\\\/#\\\/schema\\\/logo\\\/image\\\/\"},\"sameAs\":[\"https:\\\/\\\/www.facebook.com\\\/SeehausLeifer\\\/\",\"https:\\\/\\\/www.instagram.com\\\/magdilei\"]}]}<\/script>\n<!-- \/ Yoast SEO plugin. -->","yoast_head_json":{"title":"Seehaus &#8211; Seehaus Familie Leifer","description":"SO NAH AM SEE","robots":{"index":"index","follow":"follow","max-snippet":"max-snippet:-1","max-image-preview":"max-image-preview:large","max-video-preview":"max-video-preview:-1"},"canonical":"https:\/\/www.seehaus-leifer.at\/en\/seehaus\/","og_locale":"en_GB","og_type":"article","og_title":"Seehaus &#8211; Seehaus Familie Leifer","og_description":"SO NAH AM SEE","og_url":"https:\/\/www.seehaus-leifer.at\/en\/seehaus\/","og_site_name":"Seehaus Familie Leifer","article_publisher":"https:\/\/www.facebook.com\/SeehausLeifer\/","article_modified_time":"2024-05-18T17:31:05+00:00","og_image":[{"url":"https:\/\/www.seehaus-leifer.at\/wp-content\/uploads\/2021\/04\/Villa_Nachbauer-768x512.jpg","type":"","width":"","height":""}],"twitter_card":"summary_large_image","twitter_misc":{"Estimated reading time":"2 minutes"},"schema":{"@context":"https:\/\/schema.org","@graph":[{"@type":"WebPage","@id":"https:\/\/www.seehaus-leifer.at\/seehaus\/","url":"https:\/\/www.seehaus-leifer.at\/seehaus\/","name":"Seehaus &#8211; Seehaus Familie Leifer","isPartOf":{"@id":"https:\/\/www.seehaus-leifer.at\/#website"},"primaryImageOfPage":{"@id":"https:\/\/www.seehaus-leifer.at\/seehaus\/#primaryimage"},"image":{"@id":"https:\/\/www.seehaus-leifer.at\/seehaus\/#primaryimage"},"thumbnailUrl":"https:\/\/www.seehaus-leifer.at\/wp-content\/uploads\/2021\/04\/Villa_Nachbauer-768x512.jpg","datePublished":"2021-04-15T12:57:08+00:00","dateModified":"2024-05-18T17:31:05+00:00","description":"SO NAH AM SEE","breadcrumb":{"@id":"https:\/\/www.seehaus-leifer.at\/seehaus\/#breadcrumb"},"inLanguage":"en-GB","potentialAction":[{"@type":"ReadAction","target":["https:\/\/www.seehaus-leifer.at\/seehaus\/"]}]},{"@type":"ImageObject","inLanguage":"en-GB","@id":"https:\/\/www.seehaus-leifer.at\/seehaus\/#primaryimage","url":"https:\/\/www.seehaus-leifer.at\/wp-content\/uploads\/2021\/04\/Villa_Nachbauer-768x512.jpg","contentUrl":"https:\/\/www.seehaus-leifer.at\/wp-content\/uploads\/2021\/04\/Villa_Nachbauer-768x512.jpg"},{"@type":"BreadcrumbList","@id":"https:\/\/www.seehaus-leifer.at\/seehaus\/#breadcrumb","itemListElement":[{"@type":"ListItem","position":1,"name":"Startseite","item":"https:\/\/www.seehaus-leifer.at\/"},{"@type":"ListItem","position":2,"name":"Seehaus"}]},{"@type":"WebSite","@id":"https:\/\/www.seehaus-leifer.at\/#website","url":"https:\/\/www.seehaus-leifer.at\/","name":"Seehaus Leifer family","description":"so nah am See","publisher":{"@id":"https:\/\/www.seehaus-leifer.at\/#organization"},"potentialAction":[{"@type":"SearchAction","target":{"@type":"EntryPoint","urlTemplate":"https:\/\/www.seehaus-leifer.at\/?s={search_term_string}"},"query-input":{"@type":"PropertyValueSpecification","valueRequired":true,"valueName":"search_term_string"}}],"inLanguage":"en-GB"},{"@type":"Organization","@id":"https:\/\/www.seehaus-leifer.at\/#organization","name":"Seehaus Leifer family","url":"https:\/\/www.seehaus-leifer.at\/","logo":{"@type":"ImageObject","inLanguage":"en-GB","@id":"https:\/\/www.seehaus-leifer.at\/#\/schema\/logo\/image\/","url":"https:\/\/www.seehaus-leifer.at\/wp-content\/uploads\/2021\/04\/fav_512-512.png","contentUrl":"https:\/\/www.seehaus-leifer.at\/wp-content\/uploads\/2021\/04\/fav_512-512.png","width":512,"height":512,"caption":"Seehaus Familie Leifer"},"image":{"@id":"https:\/\/www.seehaus-leifer.at\/#\/schema\/logo\/image\/"},"sameAs":["https:\/\/www.facebook.com\/SeehausLeifer\/","https:\/\/www.instagram.com\/magdilei"]}]}},"_links":{"self":[{"href":"https:\/\/www.seehaus-leifer.at\/en\/wp-json\/wp\/v2\/pages\/4023","targetHints":{"allow":["GET"]}}],"collection":[{"href":"https:\/\/www.seehaus-leifer.at\/en\/wp-json\/wp\/v2\/pages"}],"about":[{"href":"https:\/\/www.seehaus-leifer.at\/en\/wp-json\/wp\/v2\/types\/page"}],"author":[{"embeddable":true,"href":"https:\/\/www.seehaus-leifer.at\/en\/wp-json\/wp\/v2\/users\/1"}],"replies":[{"embeddable":true,"href":"https:\/\/www.seehaus-leifer.at\/en\/wp-json\/wp\/v2\/comments?post=4023"}],"version-history":[{"count":4,"href":"https:\/\/www.seehaus-leifer.at\/en\/wp-json\/wp\/v2\/pages\/4023\/revisions"}],"predecessor-version":[{"id":9165,"href":"https:\/\/www.seehaus-leifer.at\/en\/wp-json\/wp\/v2\/pages\/4023\/revisions\/9165"}],"wp:attachment":[{"href":"https:\/\/www.seehaus-leifer.at\/en\/wp-json\/wp\/v2\/media?parent=4023"}],"curies":[{"name":"wp","href":"https:\/\/api.w.org\/{rel}","templated":true}]}}