{"id":358,"date":"2021-02-19T14:13:59","date_gmt":"2021-02-19T13:13:59","guid":{"rendered":"https:\/\/www.seehaus-leifer.at\/?page_id=358"},"modified":"2021-04-29T20:05:27","modified_gmt":"2021-04-29T18:05:27","slug":"willkommen","status":"publish","type":"page","link":"https:\/\/www.seehaus-leifer.at\/en\/willkommen\/","title":{"rendered":"welcome"},"content":{"rendered":"<div data-elementor-type=\"wp-page\" data-elementor-id=\"358\" class=\"elementor elementor-358\">\n\t\t\t\t\t\t<section class=\"elementor-section elementor-top-section elementor-element elementor-element-a5afce5 elementor-section-boxed elementor-section-height-default elementor-section-height-default\" data-id=\"a5afce5\" data-element_type=\"section\" data-e-type=\"section\">\n\t\t\t\t\t\t<div class=\"elementor-container elementor-column-gap-default\">\n\t\t\t\t\t<div class=\"elementor-column elementor-col-100 elementor-top-column elementor-element elementor-element-a4a2b0b\" data-id=\"a4a2b0b\" data-element_type=\"column\" data-e-type=\"column\">\n\t\t\t<div class=\"elementor-widget-wrap elementor-element-populated\">\n\t\t\t\t\t\t<section class=\"elementor-section elementor-inner-section elementor-element elementor-element-2976ad8 elementor-section-boxed elementor-section-height-default elementor-section-height-default\" data-id=\"2976ad8\" data-element_type=\"section\" data-e-type=\"section\">\n\t\t\t\t\t\t<div class=\"elementor-container elementor-column-gap-no\">\n\t\t\t\t\t<div class=\"elementor-column elementor-col-50 elementor-inner-column elementor-element elementor-element-5b08b13\" data-id=\"5b08b13\" data-element_type=\"column\" data-e-type=\"column\">\n\t\t\t<div class=\"elementor-widget-wrap elementor-element-populated\">\n\t\t\t\t\t\t<div class=\"elementor-element elementor-element-1ce2649 elementor-widget elementor-widget-heading\" data-id=\"1ce2649\" data-element_type=\"widget\" data-e-type=\"widget\" data-widget_type=\"heading.default\">\n\t\t\t\t<div class=\"elementor-widget-container\">\n\t\t\t\t\t<h1 class=\"elementor-heading-title elementor-size-default\">Welcome<\/h1>\t\t\t\t<\/div>\n\t\t\t\t<\/div>\n\t\t\t\t<div class=\"elementor-element elementor-element-11407ca elementor-widget elementor-widget-text-editor\" data-id=\"11407ca\" data-element_type=\"widget\" data-e-type=\"widget\" data-widget_type=\"text-editor.default\">\n\t\t\t\t<div class=\"elementor-widget-container\">\n\t\t\t\t\t\t\t\t\tHello at Lake Wolfgang - we look forward to welcoming you to the Seehaus family Leifer! Spend relaxing days with your loved ones with us and enjoy the most beautiful sides of the Salzkammergut.\t\t\t\t\t\t\t\t<\/div>\n\t\t\t\t<\/div>\n\t\t\t\t<div class=\"elementor-element elementor-element-3131e2c elementor-widget elementor-widget-text-editor\" data-id=\"3131e2c\" data-element_type=\"widget\" data-e-type=\"widget\" data-widget_type=\"text-editor.default\">\n\t\t\t\t<div class=\"elementor-widget-container\">\n\t\t\t\t\t\t\t\t\t<p>The name of our house is no coincidence: the turquoise-blue Wolfgangsee is right in front of the door, and our large green park offers you enough space to relax away from everyday life. It is a matter close to our hearts to give you a comfortable temporary home, in which you can develop freely and design your holiday to suit your taste. In Seehaus Leifer, just let yourself drift instead of looking at the clock.<\/p>\t\t\t\t\t\t\t\t<\/div>\n\t\t\t\t<\/div>\n\t\t\t\t<div class=\"elementor-element elementor-element-bd12401 elementor-widget elementor-widget-image\" data-id=\"bd12401\" data-element_type=\"widget\" data-e-type=\"widget\" data-widget_type=\"image.default\">\n\t\t\t\t<div class=\"elementor-widget-container\">\n\t\t\t\t\t\t\t\t\t\t\t\t\t\t\t<img fetchpriority=\"high\" decoding=\"async\" width=\"500\" height=\"500\" src=\"https:\/\/www.seehaus-leifer.at\/wp-content\/uploads\/2021\/02\/5883_500_500.jpg\" class=\"attachment-medium_large size-medium_large wp-image-820\" alt=\"\" srcset=\"https:\/\/www.seehaus-leifer.at\/wp-content\/uploads\/2021\/02\/5883_500_500.jpg 500w, https:\/\/www.seehaus-leifer.at\/wp-content\/uploads\/2021\/02\/5883_500_500-300x300.jpg 300w, https:\/\/www.seehaus-leifer.at\/wp-content\/uploads\/2021\/02\/5883_500_500-150x150.jpg 150w, https:\/\/www.seehaus-leifer.at\/wp-content\/uploads\/2021\/02\/5883_500_500-12x12.jpg 12w\" sizes=\"(max-width: 500px) 100vw, 500px\" \/>\t\t\t\t\t\t\t\t\t\t\t\t\t\t\t<\/div>\n\t\t\t\t<\/div>\n\t\t\t\t\t<\/div>\n\t\t<\/div>\n\t\t\t\t<div class=\"elementor-column elementor-col-50 elementor-inner-column elementor-element elementor-element-ec8b51b\" data-id=\"ec8b51b\" data-element_type=\"column\" data-e-type=\"column\">\n\t\t\t<div class=\"elementor-widget-wrap elementor-element-populated\">\n\t\t\t\t\t\t<div class=\"elementor-element elementor-element-2794686 elementor-widget elementor-widget-heading\" data-id=\"2794686\" data-element_type=\"widget\" data-e-type=\"widget\" data-widget_type=\"heading.default\">\n\t\t\t\t<div class=\"elementor-widget-container\">\n\t\t\t\t\t<h2 class=\"elementor-heading-title elementor-size-default\">Ambience<\/h2>\t\t\t\t<\/div>\n\t\t\t\t<\/div>\n\t\t\t\t<div class=\"elementor-element elementor-element-34b09c5 elementor-widget elementor-widget-text-editor\" data-id=\"34b09c5\" data-element_type=\"widget\" data-e-type=\"widget\" data-widget_type=\"text-editor.default\">\n\t\t\t\t<div class=\"elementor-widget-container\">\n\t\t\t\t\t\t\t\t\t<p>Our historic villa has graced the shores of the lake since 1895. The charm of bygone times still wafts through their corridors, which we keep alive with the original herringbone parquet, turquoise tiled stoves, magnificent upholstered furniture and characteristic interior. History is reflected in many corners, but no-one here does without modern comfort: That is what makes our Seehaus so special.<\/p>\t\t\t\t\t\t\t\t<\/div>\n\t\t\t\t<\/div>\n\t\t\t\t<div class=\"elementor-element elementor-element-7f7a813 elementor-widget elementor-widget-heading\" data-id=\"7f7a813\" data-element_type=\"widget\" data-e-type=\"widget\" data-widget_type=\"heading.default\">\n\t\t\t\t<div class=\"elementor-widget-container\">\n\t\t\t\t\t<h2 class=\"elementor-heading-title elementor-size-default\">Around the lake<\/h2>\t\t\t\t<\/div>\n\t\t\t\t<\/div>\n\t\t\t\t<div class=\"elementor-element elementor-element-14cd113 elementor-widget elementor-widget-text-editor\" data-id=\"14cd113\" data-element_type=\"widget\" data-e-type=\"widget\" data-widget_type=\"text-editor.default\">\n\t\t\t\t<div class=\"elementor-widget-container\">\n\t\t\t\t\t\t\t\t\t<p>If you like the water, the mountains and alpine serenity, you will find a favorite place with us. The area around the Seehaus - from the private park to the bathing area - has various sports and recreational offers ready for you. In addition, you can reach the center of St. Wolfgang and the ship landing stage in a few minutes on foot.<\/p><p>Discover the many facets of the Salzkammergut while hiking, cycling, on a boat tour or on the snow-covered slopes in winter. Whenever you are with us: SO CLOSE TO THE LAKE you will experience an unforgettable vacation.<\/p>\t\t\t\t\t\t\t\t<\/div>\n\t\t\t\t<\/div>\n\t\t\t\t<div class=\"elementor-element elementor-element-216d3b1 elementor-widget elementor-widget-text-editor\" data-id=\"216d3b1\" data-element_type=\"widget\" data-e-type=\"widget\" data-widget_type=\"text-editor.default\">\n\t\t\t\t<div class=\"elementor-widget-container\">\n\t\t\t\t\t\t\t\t\t<p><b>It's great that you are our guest - please do not hesitate to contact us if we can do something for you! <br \/><\/b><\/p><p><b><\/b><b><b>Yours truly, the Leifer family<\/b><\/b><\/p>\t\t\t\t\t\t\t\t<\/div>\n\t\t\t\t<\/div>\n\t\t\t\t\t<\/div>\n\t\t<\/div>\n\t\t\t\t\t<\/div>\n\t\t<\/section>\n\t\t\t\t\t<\/div>\n\t\t<\/div>\n\t\t\t\t\t<\/div>\n\t\t<\/section>\n\t\t\t\t<\/div>","protected":false},"excerpt":{"rendered":"<p>Herzlich Willkommen Gr\u00fc\u00df Gott am Wolfgangsee \u2013 wir freuen uns, Sie im Seehaus Familie Leifer empfangen zu d\u00fcrfen! Verbringen Sie bei uns erholsame Tage mit Ihren Lieben und genie\u00dfen Sie die sch\u00f6nsten Seiten des Salzkammerguts. Der Name unseres Hauses kommt nicht von ungef\u00e4hr: Der t\u00fcrkisblaue Wolfgangsee liegt unmittelbar vor der T\u00fcre, und unsere gro\u00dfe gr\u00fcne [&hellip;]<\/p>\n","protected":false},"author":1,"featured_media":0,"parent":0,"menu_order":0,"comment_status":"closed","ping_status":"closed","template":"","meta":{"ocean_post_layout":"full-screen","ocean_both_sidebars_style":"","ocean_both_sidebars_content_width":0,"ocean_both_sidebars_sidebars_width":0,"ocean_sidebar":"0","ocean_second_sidebar":"0","ocean_disable_margins":"on","ocean_add_body_class":"","ocean_shortcode_before_top_bar":"","ocean_shortcode_after_top_bar":"","ocean_shortcode_before_header":"","ocean_shortcode_after_header":"","ocean_has_shortcode":"","ocean_shortcode_after_title":"","ocean_shortcode_before_footer_widgets":"","ocean_shortcode_after_footer_widgets":"","ocean_shortcode_before_footer_bottom":"","ocean_shortcode_after_footer_bottom":"","ocean_display_top_bar":"off","ocean_display_header":"off","ocean_header_style":"minimal","ocean_center_header_left_menu":"0","ocean_custom_header_template":"0","ocean_custom_logo":0,"ocean_custom_retina_logo":0,"ocean_custom_logo_max_width":0,"ocean_custom_logo_tablet_max_width":0,"ocean_custom_logo_mobile_max_width":0,"ocean_custom_logo_max_height":0,"ocean_custom_logo_tablet_max_height":0,"ocean_custom_logo_mobile_max_height":0,"ocean_header_custom_menu":"3","ocean_menu_typo_font_family":"0","ocean_menu_typo_font_subset":"","ocean_menu_typo_font_size":0,"ocean_menu_typo_font_size_tablet":0,"ocean_menu_typo_font_size_mobile":0,"ocean_menu_typo_font_size_unit":"px","ocean_menu_typo_font_weight":"","ocean_menu_typo_font_weight_tablet":"","ocean_menu_typo_font_weight_mobile":"","ocean_menu_typo_transform":"","ocean_menu_typo_transform_tablet":"","ocean_menu_typo_transform_mobile":"","ocean_menu_typo_line_height":0,"ocean_menu_typo_line_height_tablet":0,"ocean_menu_typo_line_height_mobile":0,"ocean_menu_typo_line_height_unit":"","ocean_menu_typo_spacing":0,"ocean_menu_typo_spacing_tablet":0,"ocean_menu_typo_spacing_mobile":0,"ocean_menu_typo_spacing_unit":"","ocean_menu_link_color":"","ocean_menu_link_color_hover":"","ocean_menu_link_color_active":"","ocean_menu_link_background":"","ocean_menu_link_hover_background":"","ocean_menu_link_active_background":"","ocean_menu_social_links_bg":"","ocean_menu_social_hover_links_bg":"","ocean_menu_social_links_color":"","ocean_menu_social_hover_links_color":"","ocean_disable_title":"on","ocean_disable_heading":"default","ocean_post_title":"","ocean_post_subheading":"","ocean_post_title_style":"","ocean_post_title_background_color":"","ocean_post_title_background":0,"ocean_post_title_bg_image_position":"","ocean_post_title_bg_image_attachment":"","ocean_post_title_bg_image_repeat":"","ocean_post_title_bg_image_size":"","ocean_post_title_height":0,"ocean_post_title_bg_overlay":0.5,"ocean_post_title_bg_overlay_color":"","ocean_disable_breadcrumbs":"default","ocean_breadcrumbs_color":"","ocean_breadcrumbs_separator_color":"","ocean_breadcrumbs_links_color":"","ocean_breadcrumbs_links_hover_color":"","ocean_display_footer_widgets":"off","ocean_display_footer_bottom":"off","ocean_custom_footer_template":"","_joinchat":[],"footnotes":""},"class_list":["post-358","page","type-page","status-publish","hentry","entry"],"yoast_head":"<!-- This site is optimized with the Yoast SEO plugin v27.4 - https:\/\/yoast.com\/product\/yoast-seo-wordpress\/ -->\n<title>Willkommen &#8211; Seehaus Familie Leifer<\/title>\n<meta name=\"description\" content=\"SO NAH AM SEE\" \/>\n<meta name=\"robots\" content=\"index, follow, max-snippet:-1, max-image-preview:large, max-video-preview:-1\" \/>\n<link rel=\"canonical\" href=\"https:\/\/www.seehaus-leifer.at\/en\/willkommen\/\" \/>\n<meta property=\"og:locale\" content=\"en_GB\" \/>\n<meta property=\"og:type\" content=\"article\" \/>\n<meta property=\"og:title\" content=\"Willkommen &#8211; Seehaus Familie Leifer\" \/>\n<meta property=\"og:description\" content=\"SO NAH AM SEE\" \/>\n<meta property=\"og:url\" content=\"https:\/\/www.seehaus-leifer.at\/en\/willkommen\/\" \/>\n<meta property=\"og:site_name\" content=\"Seehaus Familie Leifer\" \/>\n<meta property=\"article:publisher\" content=\"https:\/\/www.facebook.com\/SeehausLeifer\/\" \/>\n<meta property=\"article:modified_time\" content=\"2021-04-29T18:05:27+00:00\" \/>\n<meta property=\"og:image\" content=\"https:\/\/www.seehaus-leifer.at\/wp-content\/uploads\/2021\/02\/5883_500_500.jpg\" \/>\n<meta name=\"twitter:card\" content=\"summary_large_image\" \/>\n<meta name=\"twitter:label1\" content=\"Estimated reading time\" \/>\n\t<meta name=\"twitter:data1\" content=\"2 minutes\" \/>\n<script type=\"application\/ld+json\" class=\"yoast-schema-graph\">{\"@context\":\"https:\\\/\\\/schema.org\",\"@graph\":[{\"@type\":\"WebPage\",\"@id\":\"https:\\\/\\\/www.seehaus-leifer.at\\\/willkommen\\\/\",\"url\":\"https:\\\/\\\/www.seehaus-leifer.at\\\/willkommen\\\/\",\"name\":\"Willkommen &#8211; Seehaus Familie Leifer\",\"isPartOf\":{\"@id\":\"https:\\\/\\\/www.seehaus-leifer.at\\\/#website\"},\"primaryImageOfPage\":{\"@id\":\"https:\\\/\\\/www.seehaus-leifer.at\\\/willkommen\\\/#primaryimage\"},\"image\":{\"@id\":\"https:\\\/\\\/www.seehaus-leifer.at\\\/willkommen\\\/#primaryimage\"},\"thumbnailUrl\":\"https:\\\/\\\/www.seehaus-leifer.at\\\/wp-content\\\/uploads\\\/2021\\\/02\\\/5883_500_500.jpg\",\"datePublished\":\"2021-02-19T13:13:59+00:00\",\"dateModified\":\"2021-04-29T18:05:27+00:00\",\"description\":\"SO NAH AM SEE\",\"breadcrumb\":{\"@id\":\"https:\\\/\\\/www.seehaus-leifer.at\\\/willkommen\\\/#breadcrumb\"},\"inLanguage\":\"en-GB\",\"potentialAction\":[{\"@type\":\"ReadAction\",\"target\":[\"https:\\\/\\\/www.seehaus-leifer.at\\\/willkommen\\\/\"]}]},{\"@type\":\"ImageObject\",\"inLanguage\":\"en-GB\",\"@id\":\"https:\\\/\\\/www.seehaus-leifer.at\\\/willkommen\\\/#primaryimage\",\"url\":\"https:\\\/\\\/www.seehaus-leifer.at\\\/wp-content\\\/uploads\\\/2021\\\/02\\\/5883_500_500.jpg\",\"contentUrl\":\"https:\\\/\\\/www.seehaus-leifer.at\\\/wp-content\\\/uploads\\\/2021\\\/02\\\/5883_500_500.jpg\"},{\"@type\":\"BreadcrumbList\",\"@id\":\"https:\\\/\\\/www.seehaus-leifer.at\\\/willkommen\\\/#breadcrumb\",\"itemListElement\":[{\"@type\":\"ListItem\",\"position\":1,\"name\":\"Startseite\",\"item\":\"https:\\\/\\\/www.seehaus-leifer.at\\\/\"},{\"@type\":\"ListItem\",\"position\":2,\"name\":\"Willkommen\"}]},{\"@type\":\"WebSite\",\"@id\":\"https:\\\/\\\/www.seehaus-leifer.at\\\/#website\",\"url\":\"https:\\\/\\\/www.seehaus-leifer.at\\\/\",\"name\":\"Seehaus Familie Leifer\",\"description\":\"so nah am See\",\"publisher\":{\"@id\":\"https:\\\/\\\/www.seehaus-leifer.at\\\/#organization\"},\"potentialAction\":[{\"@type\":\"SearchAction\",\"target\":{\"@type\":\"EntryPoint\",\"urlTemplate\":\"https:\\\/\\\/www.seehaus-leifer.at\\\/?s={search_term_string}\"},\"query-input\":{\"@type\":\"PropertyValueSpecification\",\"valueRequired\":true,\"valueName\":\"search_term_string\"}}],\"inLanguage\":\"en-GB\"},{\"@type\":\"Organization\",\"@id\":\"https:\\\/\\\/www.seehaus-leifer.at\\\/#organization\",\"name\":\"Seehaus Familie Leifer\",\"url\":\"https:\\\/\\\/www.seehaus-leifer.at\\\/\",\"logo\":{\"@type\":\"ImageObject\",\"inLanguage\":\"en-GB\",\"@id\":\"https:\\\/\\\/www.seehaus-leifer.at\\\/#\\\/schema\\\/logo\\\/image\\\/\",\"url\":\"https:\\\/\\\/www.seehaus-leifer.at\\\/wp-content\\\/uploads\\\/2021\\\/04\\\/fav_512-512.png\",\"contentUrl\":\"https:\\\/\\\/www.seehaus-leifer.at\\\/wp-content\\\/uploads\\\/2021\\\/04\\\/fav_512-512.png\",\"width\":512,\"height\":512,\"caption\":\"Seehaus Familie Leifer\"},\"image\":{\"@id\":\"https:\\\/\\\/www.seehaus-leifer.at\\\/#\\\/schema\\\/logo\\\/image\\\/\"},\"sameAs\":[\"https:\\\/\\\/www.facebook.com\\\/SeehausLeifer\\\/\",\"https:\\\/\\\/www.instagram.com\\\/magdilei\"]}]}<\/script>\n<!-- \/ Yoast SEO plugin. -->","yoast_head_json":{"title":"Willkommen &#8211; Seehaus Familie Leifer","description":"SO NAH AM SEE","robots":{"index":"index","follow":"follow","max-snippet":"max-snippet:-1","max-image-preview":"max-image-preview:large","max-video-preview":"max-video-preview:-1"},"canonical":"https:\/\/www.seehaus-leifer.at\/en\/willkommen\/","og_locale":"en_GB","og_type":"article","og_title":"Willkommen &#8211; Seehaus Familie Leifer","og_description":"SO NAH AM SEE","og_url":"https:\/\/www.seehaus-leifer.at\/en\/willkommen\/","og_site_name":"Seehaus Familie Leifer","article_publisher":"https:\/\/www.facebook.com\/SeehausLeifer\/","article_modified_time":"2021-04-29T18:05:27+00:00","og_image":[{"url":"https:\/\/www.seehaus-leifer.at\/wp-content\/uploads\/2021\/02\/5883_500_500.jpg","type":"","width":"","height":""}],"twitter_card":"summary_large_image","twitter_misc":{"Estimated reading time":"2 minutes"},"schema":{"@context":"https:\/\/schema.org","@graph":[{"@type":"WebPage","@id":"https:\/\/www.seehaus-leifer.at\/willkommen\/","url":"https:\/\/www.seehaus-leifer.at\/willkommen\/","name":"Willkommen &#8211; Seehaus Familie Leifer","isPartOf":{"@id":"https:\/\/www.seehaus-leifer.at\/#website"},"primaryImageOfPage":{"@id":"https:\/\/www.seehaus-leifer.at\/willkommen\/#primaryimage"},"image":{"@id":"https:\/\/www.seehaus-leifer.at\/willkommen\/#primaryimage"},"thumbnailUrl":"https:\/\/www.seehaus-leifer.at\/wp-content\/uploads\/2021\/02\/5883_500_500.jpg","datePublished":"2021-02-19T13:13:59+00:00","dateModified":"2021-04-29T18:05:27+00:00","description":"SO NAH AM SEE","breadcrumb":{"@id":"https:\/\/www.seehaus-leifer.at\/willkommen\/#breadcrumb"},"inLanguage":"en-GB","potentialAction":[{"@type":"ReadAction","target":["https:\/\/www.seehaus-leifer.at\/willkommen\/"]}]},{"@type":"ImageObject","inLanguage":"en-GB","@id":"https:\/\/www.seehaus-leifer.at\/willkommen\/#primaryimage","url":"https:\/\/www.seehaus-leifer.at\/wp-content\/uploads\/2021\/02\/5883_500_500.jpg","contentUrl":"https:\/\/www.seehaus-leifer.at\/wp-content\/uploads\/2021\/02\/5883_500_500.jpg"},{"@type":"BreadcrumbList","@id":"https:\/\/www.seehaus-leifer.at\/willkommen\/#breadcrumb","itemListElement":[{"@type":"ListItem","position":1,"name":"Startseite","item":"https:\/\/www.seehaus-leifer.at\/"},{"@type":"ListItem","position":2,"name":"Willkommen"}]},{"@type":"WebSite","@id":"https:\/\/www.seehaus-leifer.at\/#website","url":"https:\/\/www.seehaus-leifer.at\/","name":"Seehaus Leifer family","description":"so nah am See","publisher":{"@id":"https:\/\/www.seehaus-leifer.at\/#organization"},"potentialAction":[{"@type":"SearchAction","target":{"@type":"EntryPoint","urlTemplate":"https:\/\/www.seehaus-leifer.at\/?s={search_term_string}"},"query-input":{"@type":"PropertyValueSpecification","valueRequired":true,"valueName":"search_term_string"}}],"inLanguage":"en-GB"},{"@type":"Organization","@id":"https:\/\/www.seehaus-leifer.at\/#organization","name":"Seehaus Leifer family","url":"https:\/\/www.seehaus-leifer.at\/","logo":{"@type":"ImageObject","inLanguage":"en-GB","@id":"https:\/\/www.seehaus-leifer.at\/#\/schema\/logo\/image\/","url":"https:\/\/www.seehaus-leifer.at\/wp-content\/uploads\/2021\/04\/fav_512-512.png","contentUrl":"https:\/\/www.seehaus-leifer.at\/wp-content\/uploads\/2021\/04\/fav_512-512.png","width":512,"height":512,"caption":"Seehaus Familie Leifer"},"image":{"@id":"https:\/\/www.seehaus-leifer.at\/#\/schema\/logo\/image\/"},"sameAs":["https:\/\/www.facebook.com\/SeehausLeifer\/","https:\/\/www.instagram.com\/magdilei"]}]}},"_links":{"self":[{"href":"https:\/\/www.seehaus-leifer.at\/en\/wp-json\/wp\/v2\/pages\/358","targetHints":{"allow":["GET"]}}],"collection":[{"href":"https:\/\/www.seehaus-leifer.at\/en\/wp-json\/wp\/v2\/pages"}],"about":[{"href":"https:\/\/www.seehaus-leifer.at\/en\/wp-json\/wp\/v2\/types\/page"}],"author":[{"embeddable":true,"href":"https:\/\/www.seehaus-leifer.at\/en\/wp-json\/wp\/v2\/users\/1"}],"replies":[{"embeddable":true,"href":"https:\/\/www.seehaus-leifer.at\/en\/wp-json\/wp\/v2\/comments?post=358"}],"version-history":[{"count":0,"href":"https:\/\/www.seehaus-leifer.at\/en\/wp-json\/wp\/v2\/pages\/358\/revisions"}],"wp:attachment":[{"href":"https:\/\/www.seehaus-leifer.at\/en\/wp-json\/wp\/v2\/media?parent=358"}],"curies":[{"name":"wp","href":"https:\/\/api.w.org\/{rel}","templated":true}]}}